{"id":866,"date":"2021-04-17T22:48:21","date_gmt":"2021-04-17T20:48:21","guid":{"rendered":"https:\/\/sandrapeise.wordpress.com\/?page_id=866"},"modified":"2021-06-28T20:17:03","modified_gmt":"2021-06-28T20:17:03","slug":"portraits-karikaturen","status":"publish","type":"page","link":"https:\/\/sandra-peise.com\/en\/portraits-karikaturen\/","title":{"rendered":"PORTRAITS and CARICATURES"},"content":{"rendered":"<p>In 2007 I drew a pencil portrait of the dog of a former schoolmates mother, which she published in a dog forum. Since then I have received regular orders for animal and human portraits in all sizes, from bookmarks to giant portraits. My largest portrait to date was 84.1 x 118.9 cm. In addition to classic portraits, I also like to draw caricatures and cartoons. Whether drawn traditionally on paper with pencils, colored pencils, watercolor, acrylic or digitally with Photoshop, there is something for every taste.<\/p>\n\n\n\n\n\t\t<style type=\"text\/css\">\n\t\t\t#gallery-1 {\n\t\t\t\tmargin: auto;\n\t\t\t}\n\t\t\t#gallery-1 .gallery-item {\n\t\t\t\tfloat: left;\n\t\t\t\tmargin-top: 10px;\n\t\t\t\ttext-align: center;\n\t\t\t\twidth: 33%;\n\t\t\t}\n\t\t\t#gallery-1 img {\n\t\t\t\tborder: 2px solid #cfcfcf;\n\t\t\t}\n\t\t\t#gallery-1 .gallery-caption {\n\t\t\t\tmargin-left: 0;\n\t\t\t}\n\t\t\t\/* see gallery_shortcode() in wp-includes\/media.php *\/\n\t\t<\/style>\n\t\t<div id='gallery-1' class='gallery galleryid-866 gallery-columns-3 gallery-size-thumbnail'><dl class='gallery-item'>\n\t\t\t<dt class='gallery-icon portrait'>\n\t\t\t\t<a href='https:\/\/sandra-peise.com\/en\/portraits-karikaturen\/attachment\/20210219215045\/#main'><img loading=\"lazy\" decoding=\"async\" width=\"150\" height=\"150\" src=\"https:\/\/sandra-peise.com\/wp-content\/uploads\/2021\/04\/20210219215045-150x150.jpg\" class=\"attachment-thumbnail size-thumbnail\" alt=\"\" \/><\/a>\n\t\t\t<\/dt><\/dl><dl class='gallery-item'>\n\t\t\t<dt class='gallery-icon portrait'>\n\t\t\t\t<a href='https:\/\/sandra-peise.com\/en\/portraits-karikaturen\/attachment\/img_3422\/#main'><img loading=\"lazy\" decoding=\"async\" width=\"150\" height=\"150\" src=\"https:\/\/sandra-peise.com\/wp-content\/uploads\/2021\/04\/IMG_3422-150x150.jpg\" class=\"attachment-thumbnail size-thumbnail\" alt=\"\" \/><\/a>\n\t\t\t<\/dt><\/dl><dl class='gallery-item'>\n\t\t\t<dt class='gallery-icon portrait'>\n\t\t\t\t<a href='https:\/\/sandra-peise.com\/en\/portraits-karikaturen\/attachment\/img_3586\/#main'><img loading=\"lazy\" decoding=\"async\" width=\"150\" height=\"150\" src=\"https:\/\/sandra-peise.com\/wp-content\/uploads\/2021\/04\/IMG_3586-150x150.jpg\" class=\"attachment-thumbnail size-thumbnail\" alt=\"\" \/><\/a>\n\t\t\t<\/dt><\/dl><br style=\"clear: both\" \/><dl class='gallery-item'>\n\t\t\t<dt class='gallery-icon portrait'>\n\t\t\t\t<a href='https:\/\/sandra-peise.com\/en\/portraits-karikaturen\/attachment\/158208220_3827525124005417_4687177898450254660_n\/#main'><img loading=\"lazy\" decoding=\"async\" width=\"150\" height=\"150\" src=\"https:\/\/sandra-peise.com\/wp-content\/uploads\/2021\/04\/158208220_3827525124005417_4687177898450254660_n-150x150.jpg\" class=\"attachment-thumbnail size-thumbnail\" alt=\"\" \/><\/a>\n\t\t\t<\/dt><\/dl><dl class='gallery-item'>\n\t\t\t<dt class='gallery-icon landscape'>\n\t\t\t\t<a href='https:\/\/sandra-peise.com\/en\/sony-dsc-16\/'><img loading=\"lazy\" decoding=\"async\" width=\"150\" height=\"150\" src=\"https:\/\/sandra-peise.com\/wp-content\/uploads\/2021\/04\/dsc09796_sp-edited-150x150.jpg\" class=\"attachment-thumbnail size-thumbnail\" alt=\"\" srcset=\"https:\/\/sandra-peise.com\/wp-content\/uploads\/2021\/04\/dsc09796_sp-edited-150x150.jpg 150w, https:\/\/sandra-peise.com\/wp-content\/uploads\/2021\/04\/dsc09796_sp-edited-300x300.jpg 300w, https:\/\/sandra-peise.com\/wp-content\/uploads\/2021\/04\/dsc09796_sp-edited-12x12.jpg 12w, https:\/\/sandra-peise.com\/wp-content\/uploads\/2021\/04\/dsc09796_sp-edited.jpg 667w\" sizes=\"(max-width: 150px) 100vw, 150px\" \/><\/a>\n\t\t\t<\/dt><\/dl><dl class='gallery-item'>\n\t\t\t<dt class='gallery-icon portrait'>\n\t\t\t\t<a href='https:\/\/sandra-peise.com\/en\/portraits-karikaturen\/attachment\/sony-dsc-21\/#main'><img loading=\"lazy\" decoding=\"async\" width=\"150\" height=\"150\" src=\"https:\/\/sandra-peise.com\/wp-content\/uploads\/2021\/04\/DSC09657_sp-150x150.jpg\" class=\"attachment-thumbnail size-thumbnail\" alt=\"\" \/><\/a>\n\t\t\t<\/dt><\/dl><br style=\"clear: both\" \/><dl class='gallery-item'>\n\t\t\t<dt class='gallery-icon portrait'>\n\t\t\t\t<a href='https:\/\/sandra-peise.com\/en\/pferd_03\/'><img loading=\"lazy\" decoding=\"async\" width=\"150\" height=\"150\" src=\"https:\/\/sandra-peise.com\/wp-content\/uploads\/2021\/04\/pferd_03-150x150.jpg\" class=\"attachment-thumbnail size-thumbnail\" alt=\"\" \/><\/a>\n\t\t\t<\/dt><\/dl><dl class='gallery-item'>\n\t\t\t<dt class='gallery-icon landscape'>\n\t\t\t\t<a href='https:\/\/sandra-peise.com\/en\/portraits-karikaturen\/klassisches-portrait\/attachment\/img_20151016_125138_sp\/#main'><img loading=\"lazy\" decoding=\"async\" width=\"150\" height=\"150\" src=\"https:\/\/sandra-peise.com\/wp-content\/uploads\/2017\/04\/img_20151016_125138_sp-150x150.jpg\" class=\"attachment-thumbnail size-thumbnail\" alt=\"\" \/><\/a>\n\t\t\t<\/dt><\/dl><dl class='gallery-item'>\n\t\t\t<dt class='gallery-icon landscape'>\n\t\t\t\t<a href='https:\/\/sandra-peise.com\/en\/portraits-karikaturen\/attachment\/20210604210753_s\/#main'><img loading=\"lazy\" decoding=\"async\" width=\"150\" height=\"150\" src=\"https:\/\/sandra-peise.com\/wp-content\/uploads\/2021\/06\/20210604210753_s-150x150.jpg\" class=\"attachment-thumbnail size-thumbnail\" alt=\"\" \/><\/a>\n\t\t\t<\/dt><\/dl><br style=\"clear: both\" \/><dl class='gallery-item'>\n\t\t\t<dt class='gallery-icon landscape'>\n\t\t\t\t<a href='https:\/\/sandra-peise.com\/en\/portraits-karikaturen\/attachment\/20210614151148\/#main'><img loading=\"lazy\" decoding=\"async\" width=\"150\" height=\"150\" src=\"https:\/\/sandra-peise.com\/wp-content\/uploads\/2021\/06\/20210614151148-150x150.jpg\" class=\"attachment-thumbnail size-thumbnail\" alt=\"\" \/><\/a>\n\t\t\t<\/dt><\/dl>\n\t\t\t<br style='clear: both' \/>\n\t\t<\/div>","protected":false},"excerpt":{"rendered":"<p>2006 habe ich f\u00fcr die Mutter eines ehemaligen Schulkameraden ein Bleistiftportrait ihres Hundes gezeichnet, welches sie in einem Hundeforum ver\u00f6ffentlichte. Seitdem bekomme ich regelm\u00e4\u00dfig Auftr\u00e4ge f\u00fcr Tier- und Menschenportraits in allen Gr\u00f6\u00dfen, vom Lesezeichen bis hin zum Riesenportrait. Mein bisher gr\u00f6\u00dftes Portrait hatte die Ma\u00dfe 84,1 x 118,9 cm. Neben klassischen Portraits zeichne ich auch [&hellip;]<\/p>\n","protected":false},"author":2,"featured_media":0,"parent":0,"menu_order":1,"comment_status":"closed","ping_status":"closed","template":"","meta":{"footnotes":""},"_links":{"self":[{"href":"https:\/\/sandra-peise.com\/en\/wp-json\/wp\/v2\/pages\/866"}],"collection":[{"href":"https:\/\/sandra-peise.com\/en\/wp-json\/wp\/v2\/pages"}],"about":[{"href":"https:\/\/sandra-peise.com\/en\/wp-json\/wp\/v2\/types\/page"}],"author":[{"embeddable":true,"href":"https:\/\/sandra-peise.com\/en\/wp-json\/wp\/v2\/users\/2"}],"replies":[{"embeddable":true,"href":"https:\/\/sandra-peise.com\/en\/wp-json\/wp\/v2\/comments?post=866"}],"version-history":[{"count":10,"href":"https:\/\/sandra-peise.com\/en\/wp-json\/wp\/v2\/pages\/866\/revisions"}],"predecessor-version":[{"id":1621,"href":"https:\/\/sandra-peise.com\/en\/wp-json\/wp\/v2\/pages\/866\/revisions\/1621"}],"wp:attachment":[{"href":"https:\/\/sandra-peise.com\/en\/wp-json\/wp\/v2\/media?parent=866"}],"curies":[{"name":"wp","href":"https:\/\/api.w.org\/{rel}","templated":true}]}}