{"id":7,"date":"2017-04-14T12:41:54","date_gmt":"2017-04-14T10:41:54","guid":{"rendered":"https:\/\/sandrapeise.wordpress.com\/?page_id=2"},"modified":"2022-10-19T08:24:30","modified_gmt":"2022-10-19T08:24:30","slug":"sandra-peise","status":"publish","type":"page","link":"https:\/\/sandra-peise.com\/en\/sandra-peise\/","title":{"rendered":"About"},"content":{"rendered":"<div class=\"wp-block-image is-style-rounded\">\n<figure class=\"alignleft is-resized\"><img loading=\"lazy\" decoding=\"async\" src=\"http:\/\/sandra-peise.de\/wp-content\/uploads\/2019\/06\/otnd7093-300x300.jpg\" alt=\"OTND7093\" class=\"wp-image-696\" width=\"180\" height=\"180\" srcset=\"https:\/\/sandra-peise.com\/wp-content\/uploads\/2019\/06\/otnd7093-300x300.jpg 300w, https:\/\/sandra-peise.com\/wp-content\/uploads\/2019\/06\/otnd7093-1024x1024.jpg 1024w, https:\/\/sandra-peise.com\/wp-content\/uploads\/2019\/06\/otnd7093-150x150.jpg 150w, https:\/\/sandra-peise.com\/wp-content\/uploads\/2019\/06\/otnd7093-768x768.jpg 768w, https:\/\/sandra-peise.com\/wp-content\/uploads\/2019\/06\/otnd7093-1536x1536.jpg 1536w, https:\/\/sandra-peise.com\/wp-content\/uploads\/2019\/06\/otnd7093-2048x2048.jpg 2048w\" sizes=\"(max-width: 180px) 100vw, 180px\" \/><\/figure><\/div>\n\n\n<p>Ich bin 34 Jahre alt und lebe mit meinem Mann Ephraim und unserem Sohn Samuel in Potsdam. <\/p>\n\n\n\n<p>Seit 2008 bin ich als freischaffende Illustratorin und Portraitzeichnerin t\u00e4tig.<br>2012 habe ich an der Hochschule f\u00fcr Technik und Wirtschaft in Berlin mein Bachelorstudium als Modedesignerin abgeschlossen und 2017 mein Zweitstudium als Trickfilmzeichnerin an der Filmuniversit\u00e4t Konrad Wolf in Potsdam Babelsberg erfolgreich beendet. Inzwischen bin ich als Illustratorin, Kost\u00fcmgestalterin und Animatorin t\u00e4tig. Bereits w\u00e4hrend des Studiums habe ich u.a. als Illustratorin bei den beliebten Kinderbuchreihen <em>Lilly and Anton discover<\/em> (DelMedioVerlag) and <em>Mats &amp; Frida<\/em> (Oertinger Verlag).<\/p>\n\n\n\n<p>In addition, several animated short films and music videos were made, such as <em>The<\/em> <em>Bathtub Captain <\/em>by musician <em>Whysker <\/em>and an illustrated music album for the nursery rhymer <em>LilaLauneLena<\/em>. My animated three-part cartoon series <em>Tweethearts <\/em>ran at several film festivals around the world in 2017 and was nominated for the <em>Goldenen Spatz<\/em> <em>2017 <\/em>for the price in the category <em>Minis <\/em>and on the <em>International Animated Film Festival Stuttgart <\/em>for the price in the category<em> young animation. <\/em>For the family musical <em>Wemmicks, <\/em>welches 2017 seine Erstauff\u00fchrung im Potsdamer Nikolaisaal feierte, entwarf und gestaltete ich das Kost\u00fcmbild. 2021 habe ich die neuen Kost\u00fcmdesigns f\u00fcr die Neuinszenierung von <em>Wemmicks <\/em>designed. Zuletzt habe ich ein neues Musikvideo f\u00fcr <em>Whysker<\/em> animiert, welches April 2021 erschienen ist. Seit 2021 arbeite ich zus\u00e4tzlich als Lehrkraft am Gabriele-von-B\u00fclow-Gymnasium in Berlin in den Themenbereichen &#8222;Character Design&#8220; und &#8222;2D-Animationsfilm&#8220; und habe im Sp\u00e4tsommer 2022 ein Kinderbuch fertig illustriert, welches voraussichtlich Ende November 2022 ver\u00f6ffentlicht wird.<\/p>\n\n\n<div class=\"wp-block-image is-style-default\">\n<figure class=\"alignleft size-large is-resized\"><img loading=\"lazy\" decoding=\"async\" src=\"http:\/\/sandra-peise.de\/wp-content\/uploads\/2021\/04\/147301171_3750633805027883_7682609724598498872_n-1024x1024.jpg\" alt=\"\" class=\"wp-image-1181\" width=\"300\" height=\"300\" srcset=\"https:\/\/sandra-peise.com\/wp-content\/uploads\/2021\/04\/147301171_3750633805027883_7682609724598498872_n-1024x1024.jpg 1024w, https:\/\/sandra-peise.com\/wp-content\/uploads\/2021\/04\/147301171_3750633805027883_7682609724598498872_n-300x300.jpg 300w, https:\/\/sandra-peise.com\/wp-content\/uploads\/2021\/04\/147301171_3750633805027883_7682609724598498872_n-150x150.jpg 150w, https:\/\/sandra-peise.com\/wp-content\/uploads\/2021\/04\/147301171_3750633805027883_7682609724598498872_n-768x768.jpg 768w, https:\/\/sandra-peise.com\/wp-content\/uploads\/2021\/04\/147301171_3750633805027883_7682609724598498872_n.jpg 1440w\" sizes=\"(max-width: 300px) 100vw, 300px\" \/><\/figure><\/div>\n\n\n<p><strong>Tools<br><\/strong>Pencils, watercolor, pastel chalk, brushes &amp; paper<br>Wacom Cintiq<br>Windows\/Mac<\/p>\n\n\n\n<p><strong>Adobe Cloud<\/strong><br>Photoshop<br>After Effects<br>Premiere<br>Illustrator<\/p>\n\n\n\n<p>TVpaint<\/p>\n\n\n\n<h4 class=\"wp-block-heading\">Education<\/h4>\n\n\n\n<p>2008 <strong>High School<\/strong> at the Gustav-Heinemann secondary school, Berlin-Marienfelde<\/p>\n\n\n\n<p>2009-2012 <strong>Bachelor's degree in FASHION DESIGN<\/strong> at the Berlin University of Technology and Economics<\/p>\n\n\n\n<p>2012-2017 <strong>Bachelor's degree in ANIMATION<\/strong> at the Film University Babelsberg KONRAD WOLF<\/p>\n\n\n\n<h4 class=\"wp-block-heading\">Projects &amp; Activities<\/h4>\n\n\n\n<p>seit 2008 freiberufliche <strong>illustrator<\/strong> and <strong>portrait artist<\/strong><\/p>\n\n\n\n<p>2008 <strong>WINNER portrait competition<\/strong> on the 20th anniversary of Lady Diana's death<\/p>\n\n\n\n<p>2011 <strong>A WINTER TALE | <\/strong>Narciss&amp;Goldfaden<strong> | <\/strong>Hexenkessel court theater <strong><br><\/strong>Function: assistant costume designer<\/p>\n\n\n\n<p>2011-2012 <strong>LILLY AND ANTON DISCOVER <\/strong>Mittelp\u00fcnktchen | Children's book series (Del Medio Verlag)<br>Function: Illustration<\/p>\n\n\n\n<p>freelance since 2012 <strong>Fashion and costume designer and animator<\/strong><\/p>\n\n\n\n<p>2015: Exhibition stand at the pet fair in the A10 Center<\/p>\n\n\n\n<figure class=\"wp-block-gallery has-nested-images columns-2 is-cropped wp-block-gallery-1 is-layout-flex wp-block-gallery-is-layout-flex\">\n<figure class=\"wp-block-image size-large\"><a href=\"https:\/\/sandra-peise.com\/en\/sandra-peise\/attachment\/img_7847_bearb\/#main\"><img loading=\"lazy\" decoding=\"async\" width=\"2560\" height=\"1696\" data-id=\"1187\" src=\"http:\/\/sandra-peise.de\/wp-content\/uploads\/2021\/04\/img_7847_bearb-scaled.jpg\" alt=\"\" class=\"wp-image-1187\" srcset=\"https:\/\/sandra-peise.com\/wp-content\/uploads\/2021\/04\/img_7847_bearb-scaled.jpg 2560w, https:\/\/sandra-peise.com\/wp-content\/uploads\/2021\/04\/img_7847_bearb-300x199.jpg 300w, https:\/\/sandra-peise.com\/wp-content\/uploads\/2021\/04\/img_7847_bearb-1024x678.jpg 1024w, https:\/\/sandra-peise.com\/wp-content\/uploads\/2021\/04\/img_7847_bearb-768x509.jpg 768w, https:\/\/sandra-peise.com\/wp-content\/uploads\/2021\/04\/img_7847_bearb-1536x1018.jpg 1536w, https:\/\/sandra-peise.com\/wp-content\/uploads\/2021\/04\/img_7847_bearb-2048x1357.jpg 2048w\" sizes=\"(max-width: 2560px) 100vw, 2560px\" \/><\/a><\/figure>\n\n\n\n<figure class=\"wp-block-image size-large\"><a href=\"https:\/\/sandra-peise.com\/en\/sandra-peise\/attachment\/img_7830_bearb\/#main\"><img loading=\"lazy\" decoding=\"async\" width=\"2560\" height=\"1783\" data-id=\"1188\" src=\"http:\/\/sandra-peise.de\/wp-content\/uploads\/2021\/04\/img_7830_bearb-scaled.jpg\" alt=\"\" class=\"wp-image-1188\" srcset=\"https:\/\/sandra-peise.com\/wp-content\/uploads\/2021\/04\/img_7830_bearb-scaled.jpg 2560w, https:\/\/sandra-peise.com\/wp-content\/uploads\/2021\/04\/img_7830_bearb-300x209.jpg 300w, https:\/\/sandra-peise.com\/wp-content\/uploads\/2021\/04\/img_7830_bearb-1024x713.jpg 1024w, https:\/\/sandra-peise.com\/wp-content\/uploads\/2021\/04\/img_7830_bearb-768x535.jpg 768w, https:\/\/sandra-peise.com\/wp-content\/uploads\/2021\/04\/img_7830_bearb-1536x1070.jpg 1536w, https:\/\/sandra-peise.com\/wp-content\/uploads\/2021\/04\/img_7830_bearb-2048x1426.jpg 2048w\" sizes=\"(max-width: 2560px) 100vw, 2560px\" \/><\/a><\/figure>\n<\/figure>\n\n\n\n<p>since 2017 freelance illustrator and storyboard artist for <strong>simpleshow<\/strong><\/p>\n\n\n\n<p>2018 <strong>LILALAUNEZEIT<\/strong> | LilaLauneLena, nursery rhyme singer<br>Function: Illustrations for album booklet, character design, concept design<\/p>\n\n\n\n<p>since 2017 freelance character designer for <strong>visio:media<\/strong><\/p>\n\n\n\n<p>2020 <strong>TRAILER <\/strong>| Stiftung Creative Kirche | App development<br>Function: Animation<\/p>\n\n\n\n<p>2020 <strong>WEMMICKS <\/strong>| Ephraim Peise | The radio play on the musical<br>Function: costume design<\/p>\n\n\n\n<p>seit September 2021<strong> WORKSHOPS in Character Design und 2D-Animation <\/strong>| Gabriele-von-B\u00fclow-Gymnasium <br>Funktion: Kursleiterin\/Lehrkraft<\/p>\n\n\n\n\n\t\t<style type=\"text\/css\">\n\t\t\t#gallery-1 {\n\t\t\t\tmargin: auto;\n\t\t\t}\n\t\t\t#gallery-1 .gallery-item {\n\t\t\t\tfloat: left;\n\t\t\t\tmargin-top: 10px;\n\t\t\t\ttext-align: center;\n\t\t\t\twidth: 33%;\n\t\t\t}\n\t\t\t#gallery-1 img {\n\t\t\t\tborder: 2px solid #cfcfcf;\n\t\t\t}\n\t\t\t#gallery-1 .gallery-caption {\n\t\t\t\tmargin-left: 0;\n\t\t\t}\n\t\t\t\/* see gallery_shortcode() in wp-includes\/media.php *\/\n\t\t<\/style>\n\t\t<div id='gallery-1' class='gallery galleryid-7 gallery-columns-3 gallery-size-thumbnail'><dl class='gallery-item'>\n\t\t\t<dt class='gallery-icon landscape'>\n\t\t\t\t<a href='https:\/\/sandra-peise.com\/en\/sandra-peise\/attachment\/bildschirmfoto-2021-10-28-um-14-33-29\/#main'><img loading=\"lazy\" decoding=\"async\" width=\"150\" height=\"150\" src=\"https:\/\/sandra-peise.com\/wp-content\/uploads\/2021\/10\/Bildschirmfoto-2021-10-28-um-14.33.29-150x150.png\" class=\"attachment-thumbnail size-thumbnail\" alt=\"\" \/><\/a>\n\t\t\t<\/dt><\/dl><dl class='gallery-item'>\n\t\t\t<dt class='gallery-icon landscape'>\n\t\t\t\t<a href='https:\/\/sandra-peise.com\/en\/sandra-peise\/attachment\/bildschirmfoto-2021-10-28-um-14-33-03\/#main'><img loading=\"lazy\" decoding=\"async\" width=\"150\" height=\"150\" src=\"https:\/\/sandra-peise.com\/wp-content\/uploads\/2021\/10\/Bildschirmfoto-2021-10-28-um-14.33.03-150x150.png\" class=\"attachment-thumbnail size-thumbnail\" alt=\"\" \/><\/a>\n\t\t\t<\/dt><\/dl>\n\t\t\t<br style='clear: both' \/>\n\t\t<\/div>\n\n\n\n\n<p>seit November 2021 Illustratorin f\u00fcr ein Kinderbuch, welches voraussichtlich 2023 ver\u00f6ffentlicht wird<\/p>\n\n\n\n<h4 class=\"wp-block-heading\">Filmografie<\/h4>\n\n\n\n<p>2011 <strong>PERFECT BODY<\/strong> | Sandra Peise, application film | 2D animation<br>Function: idea, book, storyboard, set design, compositing<\/p>\n\n\n\n<p>2012 <strong>PACKAGE WHISPERS<\/strong> | Monira Kamal, pre-graduate film | 2D animation<br>Function: clean-up, coloration<\/p>\n\n\n\n<p>2013\/2014 <strong>ROBIN &amp; NECKI<\/strong> | Beatrice Matis, BA film | 2D animation<br>Function: Coloration<\/p>\n\n\n\n<p>2014 <strong>BOLLYWORLD<\/strong> | Monira Kamal, diploma film | 2D animation<br>Function: 2D effect animation<\/p>\n\n\n\n<p>2015\/2016 <strong>IBAN - now it's getting serious<\/strong> | Margarita Kozakiewicz, explanatory film | 2D animation<br>Function: Animation, compositing<\/p>\n\n\n\n<p>2016 <strong>FLYING FISHES<\/strong> | Justus Wirth, music video | 2D-animation<br>Funktion: Idee, Buch, Character Design, Animation, Storyboard, Animatic, Set Design, Compositing<\/p>\n\n\n\n<p>2016 <strong>UP BY THE STARS<\/strong> | Anna Marlene, music video | 2D-animation<br>Function: Character design, animation<\/p>\n\n\n\n<p>2016 <strong>BE A HERO! DON'T LEAVE ANYTHING BEHIND!<\/strong> | aboutanna, short film | 2D-animation<br>Function: character design, concept design, animation, clean-up, coloration, compositing<\/p>\n\n\n\n<p>2016 <strong>LOSS AND DAMAGE<\/strong> | 123Comics, explanatory film | 2D-animation<br>Function: animation, subtitles, compositing<\/p>\n\n\n\n<p>2014-2017 <strong>TWEET HEARTS<\/strong> | Sandra Peise, Bachelor project | 2D-animation<br>Function: idea, book, character design, storyboard, animation<\/p>\n\n\n\n<p>2017\/2018 <strong>CHILDHOOD - I see what you don't see<\/strong> | Lilian Nix | 2D-animation<br>Function: idea, concept design, animation, clean-up<br>(http:\/\/kindseinfilm.com\/)<\/p>\n\n\n\n<p>2019 <strong>THE BATHTUB CAPTAIN | <\/strong>Whysker | 2D-animation<br>Function: Idea, concept design, backgrounds, animation, clean-up, effects, compositing<\/p>\n\n\n\n<p>2020 <strong>BIRTHDAY SONG | <\/strong>Andr\u00e9 K\u00e4pper | 2D-animation<br>Function: Idea, concept design, backgrounds, animation, clean-up, effects, compositing<\/p>\n\n\n\n<p>2021 <strong>LET'S BE THE LIGHTHOUSE <\/strong>Whysker | 2D-animation<br>Function: Idea, concept design, backgrounds, animation, clean-up, effects, compositing<\/p>\n\n\n\n<p>2021&nbsp;<strong>HAPPY SMILES |&nbsp;<\/strong>Ulrich Gerhartz | Co-Produktion mit Kamal-film | &nbsp;2D-Animation<br>Funktion: Idee, Concept Design, 2D-Animation, Stop Motion-Animation | Clean-Up, Effects, Compositing<\/p>\n\n\n\n\n\t\t<style type=\"text\/css\">\n\t\t\t#gallery-2 {\n\t\t\t\tmargin: auto;\n\t\t\t}\n\t\t\t#gallery-2 .gallery-item {\n\t\t\t\tfloat: left;\n\t\t\t\tmargin-top: 10px;\n\t\t\t\ttext-align: center;\n\t\t\t\twidth: 33%;\n\t\t\t}\n\t\t\t#gallery-2 img {\n\t\t\t\tborder: 2px solid #cfcfcf;\n\t\t\t}\n\t\t\t#gallery-2 .gallery-caption {\n\t\t\t\tmargin-left: 0;\n\t\t\t}\n\t\t\t\/* see gallery_shortcode() in wp-includes\/media.php *\/\n\t\t<\/style>\n\t\t<div id='gallery-2' class='gallery galleryid-7 gallery-columns-3 gallery-size-thumbnail'><dl class='gallery-item'>\n\t\t\t<dt class='gallery-icon landscape'>\n\t\t\t\t<a href='https:\/\/sandra-peise.com\/en\/kostuem-design\/wemmicks-2021\/attachment\/121079580_2664994007089216_5143585808295093475_n\/#main'><img loading=\"lazy\" decoding=\"async\" width=\"150\" height=\"150\" src=\"https:\/\/sandra-peise.com\/wp-content\/uploads\/2021\/04\/121079580_2664994007089216_5143585808295093475_n-150x150.jpg\" class=\"attachment-thumbnail size-thumbnail\" alt=\"\" \/><\/a>\n\t\t\t<\/dt><\/dl><dl class='gallery-item'>\n\t\t\t<dt class='gallery-icon portrait'>\n\t\t\t\t<a href='https:\/\/sandra-peise.com\/en\/sandra-peise\/attachment\/__wemmicks-plakat_figurenprofile_werbung_neu_srgb_klein_02-2\/#main'><img loading=\"lazy\" decoding=\"async\" width=\"150\" height=\"150\" src=\"https:\/\/sandra-peise.com\/wp-content\/uploads\/2021\/01\/wemmicks-plakat_figurenprofile_werbung_neu_srgb_klein_02-150x150.jpg\" class=\"attachment-thumbnail size-thumbnail\" alt=\"\" \/><\/a>\n\t\t\t<\/dt><\/dl><dl class='gallery-item'>\n\t\t\t<dt class='gallery-icon portrait'>\n\t\t\t\t<a href='https:\/\/sandra-peise.com\/en\/sandra-peise\/attachment\/poster_home\/#main'><img loading=\"lazy\" decoding=\"async\" width=\"150\" height=\"150\" src=\"https:\/\/sandra-peise.com\/wp-content\/uploads\/2021\/01\/poster_home-150x150.jpg\" class=\"attachment-thumbnail size-thumbnail\" alt=\"\" \/><\/a>\n\t\t\t<\/dt><\/dl><br style=\"clear: both\" \/><dl class='gallery-item'>\n\t\t\t<dt class='gallery-icon portrait'>\n\t\t\t\t<a href='https:\/\/sandra-peise.com\/en\/sandra-peise\/attachment\/955322-entity\/#main'><img loading=\"lazy\" decoding=\"async\" width=\"150\" height=\"150\" src=\"https:\/\/sandra-peise.com\/wp-content\/uploads\/2021\/01\/955322.entity-150x150.jpg\" class=\"attachment-thumbnail size-thumbnail\" alt=\"\" \/><\/a>\n\t\t\t<\/dt><\/dl><dl class='gallery-item'>\n\t\t\t<dt class='gallery-icon portrait'>\n\t\t\t\t<a href='https:\/\/sandra-peise.com\/en\/sandra-peise\/attachment\/plakat_seieinheld-2\/#main'><img loading=\"lazy\" decoding=\"async\" width=\"150\" height=\"150\" src=\"https:\/\/sandra-peise.com\/wp-content\/uploads\/2021\/01\/plakat_seieinheld-150x150.jpg\" class=\"attachment-thumbnail size-thumbnail\" alt=\"\" \/><\/a>\n\t\t\t<\/dt><\/dl><dl class='gallery-item'>\n\t\t\t<dt class='gallery-icon landscape'>\n\t\t\t\t<a href='https:\/\/sandra-peise.com\/en\/sandra-peise\/attachment\/th_praes_01_sp-2\/#main'><img loading=\"lazy\" decoding=\"async\" width=\"150\" height=\"150\" src=\"https:\/\/sandra-peise.com\/wp-content\/uploads\/2021\/01\/th_praes_01_sp-150x150.jpg\" class=\"attachment-thumbnail size-thumbnail\" alt=\"\" \/><\/a>\n\t\t\t<\/dt><\/dl><br style=\"clear: both\" \/>\n\t\t<\/div>\n\n\n\n\n<p><\/p>\n\n\n\n<h4 class=\"wp-block-heading\">Festivals<\/h4>\n\n\n<div class=\"wp-block-image\">\n<figure class=\"alignright size-full is-resized\"><img loading=\"lazy\" decoding=\"async\" src=\"http:\/\/sandra-peise.de\/wp-content\/uploads\/2021\/04\/145079003_3734944599930137_6063554641807075444_n.jpg\" alt=\"145079003_3734944599930137_6063554641807075444_n\" class=\"wp-image-974\" width=\"434\" height=\"431\" srcset=\"https:\/\/sandra-peise.com\/wp-content\/uploads\/2021\/04\/145079003_3734944599930137_6063554641807075444_n.jpg 867w, https:\/\/sandra-peise.com\/wp-content\/uploads\/2021\/04\/145079003_3734944599930137_6063554641807075444_n-300x298.jpg 300w, https:\/\/sandra-peise.com\/wp-content\/uploads\/2021\/04\/145079003_3734944599930137_6063554641807075444_n-150x150.jpg 150w, https:\/\/sandra-peise.com\/wp-content\/uploads\/2021\/04\/145079003_3734944599930137_6063554641807075444_n-768x763.jpg 768w\" sizes=\"(max-width: 434px) 100vw, 434px\" \/><\/figure><\/div>\n\n\n<p><em><strong>TWEET HEARTS<\/strong><\/em><\/p>\n\n\n\n<p>2017 ITFS Stuttgart<br>2017 GOLDENER SPATZ Erfurt<br>2017 Insomnia Filmfest<br>2017 Shorts at Moonlight H\u00f6chst<br>2017 Open Air Filmfest Weiterstadt<br>2017 FilmZ Mainz<br>2017 Chicago Int&#8217;l Children&#8217;s Film Festival<br>2018 28. Bamberger Kurzfilmtage<br>2018 Monstra<br>2018 Animayo<\/p>\n\n\n\n<p><strong>Prizes \/ Awards \/ Nominations<\/strong><\/p>\n\n\n\n<p>Nomination YOUNG ANIMATION, ITFS 2017<br>Nomination MINIS, Goldener Spatz 2017<\/p>\n\n\n\n<p><\/p>\n\n\n\n<p><strong><em><br>HAPPY SMILES (2021)<\/em><\/strong><\/p>\n\n\n\n<p>2022 Kinosaray \u2013 Positive Film Festival<br>2022 Cartoon Club Rimini<br>2022 Festival Audiovisual Infantil y Juvenil<\/p>","protected":false},"excerpt":{"rendered":"<p>Dies ist nur eine Kurzfassung der Seite&nbsp;\u201e\u00dcber\u201c.<\/p>","protected":false},"author":2,"featured_media":0,"parent":0,"menu_order":9,"comment_status":"closed","ping_status":"closed","template":"","meta":{"footnotes":""},"_links":{"self":[{"href":"https:\/\/sandra-peise.com\/en\/wp-json\/wp\/v2\/pages\/7"}],"collection":[{"href":"https:\/\/sandra-peise.com\/en\/wp-json\/wp\/v2\/pages"}],"about":[{"href":"https:\/\/sandra-peise.com\/en\/wp-json\/wp\/v2\/types\/page"}],"author":[{"embeddable":true,"href":"https:\/\/sandra-peise.com\/en\/wp-json\/wp\/v2\/users\/2"}],"replies":[{"embeddable":true,"href":"https:\/\/sandra-peise.com\/en\/wp-json\/wp\/v2\/comments?post=7"}],"version-history":[{"count":35,"href":"https:\/\/sandra-peise.com\/en\/wp-json\/wp\/v2\/pages\/7\/revisions"}],"predecessor-version":[{"id":1702,"href":"https:\/\/sandra-peise.com\/en\/wp-json\/wp\/v2\/pages\/7\/revisions\/1702"}],"wp:attachment":[{"href":"https:\/\/sandra-peise.com\/en\/wp-json\/wp\/v2\/media?parent=7"}],"curies":[{"name":"wp","href":"https:\/\/api.w.org\/{rel}","templated":true}]}}