{"id":500,"date":"2018-01-12T21:33:58","date_gmt":"2018-01-12T19:33:58","guid":{"rendered":"https:\/\/sandrapeise.wordpress.com\/?page_id=500"},"modified":"2021-05-01T20:53:13","modified_gmt":"2021-05-01T20:53:13","slug":"home","status":"publish","type":"page","link":"https:\/\/sandra-peise.com\/en\/","title":{"rendered":""},"content":{"rendered":"<p class=\"has-text-align-center\">My name is Sandra Peise, I am artistic with heart and soul in the fields of<br><strong>ANIMATION<\/strong>, <strong>ILLUSTRATION<\/strong>, <strong>PORTRAITS<\/strong> and <strong>COSTUME DESIGN<\/strong>.<\/p>\n\n\n\n<p class=\"has-text-align-center\">I love to use my skills to tell stories<br>and bring characters to life.<\/p>\n\n\n\n<div class=\"wp-block-image is-style-rounded\"><figure class=\"aligncenter size-large is-resized\"><img loading=\"lazy\" decoding=\"async\" src=\"https:\/\/sandra-peise.com\/wp-content\/uploads\/2021\/04\/PHOTO-2021-03-17-21-01-03-edited.jpg\" alt=\"\" class=\"wp-image-1487\" width=\"320\" height=\"320\" srcset=\"https:\/\/sandra-peise.com\/wp-content\/uploads\/2021\/04\/PHOTO-2021-03-17-21-01-03-edited.jpg 828w, https:\/\/sandra-peise.com\/wp-content\/uploads\/2021\/04\/PHOTO-2021-03-17-21-01-03-edited-300x300.jpg 300w, https:\/\/sandra-peise.com\/wp-content\/uploads\/2021\/04\/PHOTO-2021-03-17-21-01-03-edited-150x150.jpg 150w, https:\/\/sandra-peise.com\/wp-content\/uploads\/2021\/04\/PHOTO-2021-03-17-21-01-03-edited-768x767.jpg 768w, https:\/\/sandra-peise.com\/wp-content\/uploads\/2021\/04\/PHOTO-2021-03-17-21-01-03-edited-12x12.jpg 12w\" sizes=\"(max-width: 320px) 100vw, 320px\" \/><\/figure><\/div>\n\n\n\n<h3 class=\"wp-block-heading\">Subscribe for the newsletter<\/h3>\n\n\n\n\n\t<section id=\"yikes-mailchimp-container-1\" class=\"yikes-mailchimp-container yikes-mailchimp-container-1\">\n\t\t\t\t<form id=\"newsletter-abo-1\" class=\"yikes-easy-mc-form yikes-easy-mc-form-1\" method=\"POST\" data-attr-form-id=\"1\" action=\"\">\n\n\t\t\t\t\t\t\t\t\t\t\t\t\t<label for=\"yikes-easy-mc-form-1-EMAIL\"  class=\"EMAIL-label yikes-mailchimp-field-required\">\n\n\t\t\t\t\t\t\t\t\t\t<!-- dictate label visibility -->\n\t\t\t\t\t\t\t\t\t\t\n\t\t\t\t\t\t\t\t\t\t<!-- Description Above -->\n\t\t\t\t\t\t\t\t\t\t\n\t\t\t\t\t\t\t\t\t\t<input id=\"yikes-easy-mc-form-1-EMAIL\"  name=\"EMAIL\"  placeholder=\"E-Mail\"  class=\"yikes-easy-mc-email field-no-label\"  required=\"required\" type=\"email\"  value=\"\">\n\n\t\t\t\t\t\t\t\t\t\t<!-- Description Below -->\n\t\t\t\t\t\t\t\t\t\t\n\t\t\t\t\t\t\t\t\t<\/label>\n\t\t\t\t\t\t\t\t\t\t\t\t\t\t\t\t\t\t<label for=\"yikes-easy-mc-form-1-FNAME\"  class=\"FNAME-label yikes-mailchimp-field-required\">\n\n\t\t\t\t\t\t\t\t\t\t<!-- dictate label visibility -->\n\t\t\t\t\t\t\t\t\t\t\n\t\t\t\t\t\t\t\t\t\t<!-- Description Above -->\n\t\t\t\t\t\t\t\t\t\t\n\t\t\t\t\t\t\t\t\t\t<input id=\"yikes-easy-mc-form-1-FNAME\"  name=\"FNAME\"  placeholder=\"Vorname\/First name\"  class=\"yikes-easy-mc-text field-no-label\"  required=\"required\" type=\"text\"  value=\"\">\n\n\t\t\t\t\t\t\t\t\t\t<!-- Description Below -->\n\t\t\t\t\t\t\t\t\t\t\n\t\t\t\t\t\t\t\t\t<\/label>\n\t\t\t\t\t\t\t\t\t\t\t\t\t\t\t\t\t\t<label for=\"yikes-easy-mc-form-1-LNAME\"  class=\"LNAME-label\">\n\n\t\t\t\t\t\t\t\t\t\t<!-- dictate label visibility -->\n\t\t\t\t\t\t\t\t\t\t\n\t\t\t\t\t\t\t\t\t\t<!-- Description Above -->\n\t\t\t\t\t\t\t\t\t\t\n\t\t\t\t\t\t\t\t\t\t<input id=\"yikes-easy-mc-form-1-LNAME\"  name=\"LNAME\"  placeholder=\"Nachname\/Last name\"  class=\"yikes-easy-mc-text field-no-label\"   type=\"text\"  value=\"\">\n\n\t\t\t\t\t\t\t\t\t\t<!-- Description Below -->\n\t\t\t\t\t\t\t\t\t\t\n\t\t\t\t\t\t\t\t\t<\/label>\n\t\t\t\t\t\t\t\t\t\n\t\t\t\t<!-- Honeypot Trap -->\n\t\t\t\t<input type=\"hidden\" name=\"yikes-mailchimp-honeypot\" id=\"yikes-mailchimp-honeypot-1\" value=\"\">\n\n\t\t\t\t<!-- List ID -->\n\t\t\t\t<input type=\"hidden\" name=\"yikes-mailchimp-associated-list-id\" id=\"yikes-mailchimp-associated-list-id-1\" value=\"0b0783d74d\">\n\n\t\t\t\t<!-- The form that is being submitted! Used to display error\/success messages above the correct form -->\n\t\t\t\t<input type=\"hidden\" name=\"yikes-mailchimp-submitted-form\" id=\"yikes-mailchimp-submitted-form-1\" value=\"1\">\n\n\t\t\t\t<!-- Submit Button -->\n\t\t\t\t<button type=\"submit\" class=\"yikes-easy-mc-submit-button yikes-easy-mc-submit-button-1 btn btn-primary\"> <span class=\"yikes-mailchimp-submit-button-span-text\">Anmelden\/Subscribe<\/span><\/button>\t\t\t\t<!-- Nonce Security Check -->\n\t\t\t\t<input type=\"hidden\" id=\"yikes_easy_mc_new_subscriber_1\" name=\"yikes_easy_mc_new_subscriber\" value=\"25e73409d5\">\n\t\t\t\t<input type=\"hidden\" name=\"_wp_http_referer\" value=\"\/en\/wp-json\/wp\/v2\/pages\/500\" \/>\t\t\t\t\n\t\t\t<input type=\"hidden\" name=\"trp-form-language\" value=\"en\"\/><\/form>\n\t\t\t<!-- Mailchimp Form generated by Easy Forms for Mailchimp v6.8.6 (https:\/\/wordpress.org\/plugins\/yikes-inc-easy-mailchimp-extender\/) -->\n\n\t\t\t<\/section>","protected":false},"excerpt":{"rendered":"<p>Ich hei\u00dfe Sandra Peise, ich bin mit Herz und Seele k\u00fcnstlerisch t\u00e4tig in den BereichenANIMATION, ILLUSTRATION, PORTRAITS und KOST\u00dcMDESIGN. Ich liebe es, mit meinen F\u00e4higkeiten Geschichtenzu erz\u00e4hlen und Figuren zum Leben zu erwecken. Anmeldung zum Newsletter<\/p>","protected":false},"author":2,"featured_media":0,"parent":0,"menu_order":0,"comment_status":"closed","ping_status":"closed","template":"","meta":{"footnotes":""},"_links":{"self":[{"href":"https:\/\/sandra-peise.com\/en\/wp-json\/wp\/v2\/pages\/500"}],"collection":[{"href":"https:\/\/sandra-peise.com\/en\/wp-json\/wp\/v2\/pages"}],"about":[{"href":"https:\/\/sandra-peise.com\/en\/wp-json\/wp\/v2\/types\/page"}],"author":[{"embeddable":true,"href":"https:\/\/sandra-peise.com\/en\/wp-json\/wp\/v2\/users\/2"}],"replies":[{"embeddable":true,"href":"https:\/\/sandra-peise.com\/en\/wp-json\/wp\/v2\/comments?post=500"}],"version-history":[{"count":21,"href":"https:\/\/sandra-peise.com\/en\/wp-json\/wp\/v2\/pages\/500\/revisions"}],"predecessor-version":[{"id":1595,"href":"https:\/\/sandra-peise.com\/en\/wp-json\/wp\/v2\/pages\/500\/revisions\/1595"}],"wp:attachment":[{"href":"https:\/\/sandra-peise.com\/en\/wp-json\/wp\/v2\/media?parent=500"}],"curies":[{"name":"wp","href":"https:\/\/api.w.org\/{rel}","templated":true}]}}