{"id":1643,"date":"2022-02-08T11:14:15","date_gmt":"2022-02-08T11:14:15","guid":{"rendered":"https:\/\/sandra-peise.com\/?page_id=1643"},"modified":"2022-02-08T13:53:01","modified_gmt":"2022-02-08T13:53:01","slug":"happy-smiles","status":"publish","type":"page","link":"https:\/\/sandra-peise.com\/en\/happy-smiles\/","title":{"rendered":"Happy Smiles"},"content":{"rendered":"\n<figure class=\"wp-block-video\"><video controls src=\"https:\/\/sandra-peise.com\/wp-content\/uploads\/2022\/02\/Happy-Smiles-Trailer.mp4\"><\/video><\/figure>\n\n\n\n<p><\/p>\n\n\n\n<p><strong>Happy Smiles<\/strong>&nbsp;\u2013 Trailer<\/p>\n\n\n\n<p>2021 entstand unter der Projektleitung von Monira Kamal (Kamal-Film) das animierte Musikvideo zu dem Sommersong &#8222;Happy Smiles&#8220; von Ulrich Gerhartz und ist die perfekte Traumreise f\u00fcr alle Quarant\u00e4ne- und Lockdown-Geplagten da drau\u00dfen. Die Stop Motion und Legetrick-Sets wurden ausschlie\u00dflich aus altem Verpackungsmaterial aus der Lockdown-Zeit hergestellt. <\/p>\n\n\n\n<p>Regie: <a href=\"https:\/\/www.facebook.com\/kamalfilmproduction\/?__cft__[0]=AZXREWiyLF9j8soIJ9yI7hHJTjrCL-CMI6EpBn96zuR4wuKeogLm_Yr0onfEWdFIgEAx0fDAWXYcuysWlZFvG4ahQl36jCaS0dWgd3gIPMy5JFFMbNmOJZilOzhkqmHNi0U6m-HdYVDbGRcrS38J6LDojN-hR5-3XpOMAaravPnD4_qH-Iab7qmh6KMM-X7h3pE&amp;__tn__=kK-R\">Kamal-Film &#8211; Monira Kamal<\/a><br>Storyboard: Monira Kamal &amp; Sandra Peise<br>Charakterdesign: Sandra Peise<br>2D-Animation &amp; Stop Motion Animation: Sandra Peise<br>Compositing &amp; Backgrounddesign: Monira Kamal<br>Pre-und Postproduktion: Monira Kamal<br>Darstellerin Mutter: Anna Gast<br>Darstellerin Tochter: Sophie Gerhartz<br>Sound Design: Arslan Aky\u00fcz<\/p>\n\n\n\n<p><\/p>\n\n\n\n<p><\/p>\n","protected":false},"excerpt":{"rendered":"<p>Happy Smiles&nbsp;\u2013 Trailer 2021 entstand unter der Projektleitung von Monira Kamal (Kamal-Film) das animierte Musikvideo zu dem Sommersong &#8222;Happy Smiles&#8220; von Ulrich Gerhartz und ist die perfekte Traumreise f\u00fcr alle Quarant\u00e4ne- und Lockdown-Geplagten da drau\u00dfen. Die Stop Motion und Legetrick-Sets wurden ausschlie\u00dflich aus altem Verpackungsmaterial aus der Lockdown-Zeit hergestellt. Regie: Kamal-Film &#8211; Monira KamalStoryboard: Monira [&hellip;]<\/p>\n","protected":false},"author":2,"featured_media":0,"parent":0,"menu_order":0,"comment_status":"closed","ping_status":"closed","template":"","meta":{"footnotes":""},"_links":{"self":[{"href":"https:\/\/sandra-peise.com\/en\/wp-json\/wp\/v2\/pages\/1643"}],"collection":[{"href":"https:\/\/sandra-peise.com\/en\/wp-json\/wp\/v2\/pages"}],"about":[{"href":"https:\/\/sandra-peise.com\/en\/wp-json\/wp\/v2\/types\/page"}],"author":[{"embeddable":true,"href":"https:\/\/sandra-peise.com\/en\/wp-json\/wp\/v2\/users\/2"}],"replies":[{"embeddable":true,"href":"https:\/\/sandra-peise.com\/en\/wp-json\/wp\/v2\/comments?post=1643"}],"version-history":[{"count":3,"href":"https:\/\/sandra-peise.com\/en\/wp-json\/wp\/v2\/pages\/1643\/revisions"}],"predecessor-version":[{"id":1655,"href":"https:\/\/sandra-peise.com\/en\/wp-json\/wp\/v2\/pages\/1643\/revisions\/1655"}],"wp:attachment":[{"href":"https:\/\/sandra-peise.com\/en\/wp-json\/wp\/v2\/media?parent=1643"}],"curies":[{"name":"wp","href":"https:\/\/api.w.org\/{rel}","templated":true}]}}