{"id":1366,"date":"2021-04-20T09:41:18","date_gmt":"2021-04-20T09:41:18","guid":{"rendered":"http:\/\/sandra-peise.de\/?page_id=1366"},"modified":"2021-04-20T09:41:18","modified_gmt":"2021-04-20T09:41:18","slug":"die-schaeferin","status":"publish","type":"page","link":"https:\/\/sandra-peise.com\/en\/die-schaeferin\/","title":{"rendered":"The shepherdess"},"content":{"rendered":"<p>During my internship at the Berlin costume workshop <em>Narciss&amp;Goldfaden<\/em><strong> <\/strong>I was responsible for the implementation of the costume for the role of <em>the sheperdess<\/em> in the play \u201cThe Winter's Tale\u201d (design by Isa Mehnert).<\/p>\n\n\n\n<figure class=\"wp-block-gallery columns-3 is-cropped wp-block-gallery-1 is-layout-flex wp-block-gallery-is-layout-flex\"><ul class=\"blocks-gallery-grid\"><li class=\"blocks-gallery-item\"><figure><img loading=\"lazy\" decoding=\"async\" width=\"1000\" height=\"750\" src=\"http:\/\/sandra-peise.de\/wp-content\/uploads\/2018\/01\/foto0435.jpg\" alt=\"\" data-id=\"601\" class=\"wp-image-601\" srcset=\"https:\/\/sandra-peise.com\/wp-content\/uploads\/2018\/01\/foto0435.jpg 1000w, https:\/\/sandra-peise.com\/wp-content\/uploads\/2018\/01\/foto0435-300x225.jpg 300w, https:\/\/sandra-peise.com\/wp-content\/uploads\/2018\/01\/foto0435-768x576.jpg 768w\" sizes=\"(max-width: 1000px) 100vw, 1000px\" \/><\/figure><\/li><li class=\"blocks-gallery-item\"><figure><img loading=\"lazy\" decoding=\"async\" width=\"750\" height=\"500\" src=\"http:\/\/sandra-peise.de\/wp-content\/uploads\/2018\/01\/img_1677.jpg\" alt=\"\" data-id=\"632\" class=\"wp-image-632\" srcset=\"https:\/\/sandra-peise.com\/wp-content\/uploads\/2018\/01\/img_1677.jpg 750w, https:\/\/sandra-peise.com\/wp-content\/uploads\/2018\/01\/img_1677-300x200.jpg 300w\" sizes=\"(max-width: 750px) 100vw, 750px\" \/><\/figure><\/li><li class=\"blocks-gallery-item\"><figure><img loading=\"lazy\" decoding=\"async\" width=\"640\" height=\"463\" src=\"http:\/\/sandra-peise.de\/wp-content\/uploads\/2018\/01\/das-wintermaerchen_foto-bernd-schoenberger_mg_1566.jpg\" alt=\"\" data-id=\"600\" class=\"wp-image-600\" srcset=\"https:\/\/sandra-peise.com\/wp-content\/uploads\/2018\/01\/das-wintermaerchen_foto-bernd-schoenberger_mg_1566.jpg 640w, https:\/\/sandra-peise.com\/wp-content\/uploads\/2018\/01\/das-wintermaerchen_foto-bernd-schoenberger_mg_1566-300x217.jpg 300w\" sizes=\"(max-width: 640px) 100vw, 640px\" \/><\/figure><\/li><li class=\"blocks-gallery-item\"><figure><img loading=\"lazy\" decoding=\"async\" width=\"749\" height=\"565\" src=\"http:\/\/sandra-peise.de\/wp-content\/uploads\/2018\/01\/img_1742.jpg\" alt=\"\" data-id=\"602\" class=\"wp-image-602\" srcset=\"https:\/\/sandra-peise.com\/wp-content\/uploads\/2018\/01\/img_1742.jpg 749w, https:\/\/sandra-peise.com\/wp-content\/uploads\/2018\/01\/img_1742-300x226.jpg 300w\" sizes=\"(max-width: 749px) 100vw, 749px\" \/><\/figure><\/li><li class=\"blocks-gallery-item\"><figure><img loading=\"lazy\" decoding=\"async\" width=\"750\" height=\"500\" src=\"http:\/\/sandra-peise.de\/wp-content\/uploads\/2018\/01\/img_1753.jpg\" alt=\"\" data-id=\"603\" class=\"wp-image-603\" srcset=\"https:\/\/sandra-peise.com\/wp-content\/uploads\/2018\/01\/img_1753.jpg 750w, https:\/\/sandra-peise.com\/wp-content\/uploads\/2018\/01\/img_1753-300x200.jpg 300w\" sizes=\"(max-width: 750px) 100vw, 750px\" \/><\/figure><\/li><\/ul><\/figure>","protected":false},"excerpt":{"rendered":"<p>W\u00e4hrend meines Praktikums bei der Berliner Kost\u00fcmwerkstatt Narciss&amp;Goldfaden war ich f\u00fcr die Umsetzung des Kost\u00fcms f\u00fcr die Rolle der Sch\u00e4ferin im Theaterst\u00fcck \u201eDas Winterm\u00e4rchen\u201c zust\u00e4ndig\u00a0(Design von Isa Mehnert).<\/p>","protected":false},"author":2,"featured_media":0,"parent":0,"menu_order":0,"comment_status":"closed","ping_status":"closed","template":"","meta":{"footnotes":""},"_links":{"self":[{"href":"https:\/\/sandra-peise.com\/en\/wp-json\/wp\/v2\/pages\/1366"}],"collection":[{"href":"https:\/\/sandra-peise.com\/en\/wp-json\/wp\/v2\/pages"}],"about":[{"href":"https:\/\/sandra-peise.com\/en\/wp-json\/wp\/v2\/types\/page"}],"author":[{"embeddable":true,"href":"https:\/\/sandra-peise.com\/en\/wp-json\/wp\/v2\/users\/2"}],"replies":[{"embeddable":true,"href":"https:\/\/sandra-peise.com\/en\/wp-json\/wp\/v2\/comments?post=1366"}],"version-history":[{"count":1,"href":"https:\/\/sandra-peise.com\/en\/wp-json\/wp\/v2\/pages\/1366\/revisions"}],"predecessor-version":[{"id":1367,"href":"https:\/\/sandra-peise.com\/en\/wp-json\/wp\/v2\/pages\/1366\/revisions\/1367"}],"wp:attachment":[{"href":"https:\/\/sandra-peise.com\/en\/wp-json\/wp\/v2\/media?parent=1366"}],"curies":[{"name":"wp","href":"https:\/\/api.w.org\/{rel}","templated":true}]}}