{"id":1334,"date":"2021-04-20T09:01:45","date_gmt":"2021-04-20T09:01:45","guid":{"rendered":"http:\/\/sandra-peise.de\/?page_id=1334"},"modified":"2021-04-20T09:42:47","modified_gmt":"2021-04-20T09:42:47","slug":"kollektion-fuer-saengerin","status":"publish","type":"page","link":"https:\/\/sandra-peise.com\/en\/kollektion-fuer-saengerin\/","title":{"rendered":"Collection for singer"},"content":{"rendered":"<h3 class=\"entry-title wp-block-heading\"><strong>Catwalk Into&nbsp;Space<\/strong><\/h3>\n\n\n\n<p>Tailor-made corsage with decorations made of decorative braids and ribbons, sequins, rivets, zippers in orange and anthracite tones.<\/p>\n\n\n\n\n\t\t<style type=\"text\/css\">\n\t\t\t#gallery-1 {\n\t\t\t\tmargin: auto;\n\t\t\t}\n\t\t\t#gallery-1 .gallery-item {\n\t\t\t\tfloat: left;\n\t\t\t\tmargin-top: 10px;\n\t\t\t\ttext-align: center;\n\t\t\t\twidth: 33%;\n\t\t\t}\n\t\t\t#gallery-1 img {\n\t\t\t\tborder: 2px solid #cfcfcf;\n\t\t\t}\n\t\t\t#gallery-1 .gallery-caption {\n\t\t\t\tmargin-left: 0;\n\t\t\t}\n\t\t\t\/* see gallery_shortcode() in wp-includes\/media.php *\/\n\t\t<\/style>\n\t\t<div id='gallery-1' class='gallery galleryid-1334 gallery-columns-3 gallery-size-thumbnail'><dl class='gallery-item'>\n\t\t\t<dt class='gallery-icon landscape'>\n\t\t\t\t<a href='https:\/\/sandra-peise.com\/en\/kostuem-design\/attachment\/img_37251\/#main'><img loading=\"lazy\" decoding=\"async\" width=\"150\" height=\"150\" src=\"https:\/\/sandra-peise.com\/wp-content\/uploads\/2018\/01\/img_37251-150x150.jpg\" class=\"attachment-thumbnail size-thumbnail\" alt=\"\" aria-describedby=\"gallery-1-588\" \/><\/a>\n\t\t\t<\/dt>\n\t\t\t\t<dd class='wp-caption-text gallery-caption' id='gallery-1-588'>\n\t\t\t\tFoto: Julian Gross \u2013 www.julian-gross.de \u2013 kontakt@julian-gross.de\n\t\t\t\t<\/dd><\/dl><dl class='gallery-item'>\n\t\t\t<dt class='gallery-icon landscape'>\n\t\t\t\t<a href='https:\/\/sandra-peise.com\/en\/kostuem-design\/attachment\/folie1612\/#main'><img loading=\"lazy\" decoding=\"async\" width=\"150\" height=\"150\" src=\"https:\/\/sandra-peise.com\/wp-content\/uploads\/2018\/01\/folie1612-150x150.jpg\" class=\"attachment-thumbnail size-thumbnail\" alt=\"\" aria-describedby=\"gallery-1-584\" \/><\/a>\n\t\t\t<\/dt>\n\t\t\t\t<dd class='wp-caption-text gallery-caption' id='gallery-1-584'>\n\t\t\t\tMood Collage &amp; Design: Sandra Peise\n\t\t\t\t<\/dd><\/dl><dl class='gallery-item'>\n\t\t\t<dt class='gallery-icon portrait'>\n\t\t\t\t<a href='https:\/\/sandra-peise.com\/en\/kostuem-design\/attachment\/img_09141\/#main'><img loading=\"lazy\" decoding=\"async\" width=\"150\" height=\"150\" src=\"https:\/\/sandra-peise.com\/wp-content\/uploads\/2018\/01\/img_09141-150x150.jpg\" class=\"attachment-thumbnail size-thumbnail\" alt=\"\" aria-describedby=\"gallery-1-587\" \/><\/a>\n\t\t\t<\/dt>\n\t\t\t\t<dd class='wp-caption-text gallery-caption' id='gallery-1-587'>\n\t\t\t\tFoto: Fotostyle-Berlin (http:\/\/www.fotostyle-berlin.de\/), Styling: Aisha Madarati, Model: Mya Doublecat\n\t\t\t\t<\/dd><\/dl><br style=\"clear: both\" \/><dl class='gallery-item'>\n\t\t\t<dt class='gallery-icon portrait'>\n\t\t\t\t<a href='https:\/\/sandra-peise.com\/en\/kostuem-design\/attachment\/297784_407208222675487_1074489052_n\/#main'><img loading=\"lazy\" decoding=\"async\" width=\"150\" height=\"150\" src=\"https:\/\/sandra-peise.com\/wp-content\/uploads\/2018\/01\/297784_407208222675487_1074489052_n-150x150.jpg\" class=\"attachment-thumbnail size-thumbnail\" alt=\"\" aria-describedby=\"gallery-1-582\" \/><\/a>\n\t\t\t<\/dt>\n\t\t\t\t<dd class='wp-caption-text gallery-caption' id='gallery-1-582'>\n\t\t\t\tFoto: Fotostyle-Berlin (http:\/\/www.fotostyle-berlin.de\/), Styling: Aisha Madarati, Model: Mya Doublecat\n\t\t\t\t<\/dd><\/dl><dl class='gallery-item'>\n\t\t\t<dt class='gallery-icon portrait'>\n\t\t\t\t<a href='https:\/\/sandra-peise.com\/en\/kostuem-design\/attachment\/541115_334736239955091_1029940736_n\/#main'><img loading=\"lazy\" decoding=\"async\" width=\"150\" height=\"150\" src=\"https:\/\/sandra-peise.com\/wp-content\/uploads\/2018\/01\/541115_334736239955091_1029940736_n-150x150.jpg\" class=\"attachment-thumbnail size-thumbnail\" alt=\"\" aria-describedby=\"gallery-1-583\" \/><\/a>\n\t\t\t<\/dt>\n\t\t\t\t<dd class='wp-caption-text gallery-caption' id='gallery-1-583'>\n\t\t\t\tFoto: Fotostyle-Berlin (http:\/\/www.fotostyle-berlin.de\/), Styling: Aisha Madarati, Model: Mya Doublecat\n\t\t\t\t<\/dd><\/dl><dl class='gallery-item'>\n\t\t\t<dt class='gallery-icon portrait'>\n\t\t\t\t<a href='https:\/\/sandra-peise.com\/en\/kostuem-design\/attachment\/img_0957_web\/#main'><img loading=\"lazy\" decoding=\"async\" width=\"150\" height=\"150\" src=\"https:\/\/sandra-peise.com\/wp-content\/uploads\/2018\/01\/img_0957_web-150x150.jpg\" class=\"attachment-thumbnail size-thumbnail\" alt=\"\" aria-describedby=\"gallery-1-585\" \/><\/a>\n\t\t\t<\/dt>\n\t\t\t\t<dd class='wp-caption-text gallery-caption' id='gallery-1-585'>\n\t\t\t\tFoto: Fotostyle-Berlin (http:\/\/www.fotostyle-berlin.de\/), Styling: Aisha Madarati, Model: Mya Doublecat\n\t\t\t\t<\/dd><\/dl><br style=\"clear: both\" \/><dl class='gallery-item'>\n\t\t\t<dt class='gallery-icon portrait'>\n\t\t\t\t<a href='https:\/\/sandra-peise.com\/en\/kostuem-design\/attachment\/img_0988_web\/#main'><img loading=\"lazy\" decoding=\"async\" width=\"150\" height=\"150\" src=\"https:\/\/sandra-peise.com\/wp-content\/uploads\/2018\/01\/img_0988_web-150x150.jpg\" class=\"attachment-thumbnail size-thumbnail\" alt=\"\" aria-describedby=\"gallery-1-586\" \/><\/a>\n\t\t\t<\/dt>\n\t\t\t\t<dd class='wp-caption-text gallery-caption' id='gallery-1-586'>\n\t\t\t\tFoto: Fotostyle-Berlin (http:\/\/www.fotostyle-berlin.de\/), Styling: Aisha Madarati, Model: Mya Doublecat\n\t\t\t\t<\/dd><\/dl>\n\t\t\t<br style='clear: both' \/>\n\t\t<\/div>\n\n\n\n\n<p><\/p>\n\n\n\n<h3 class=\"wp-block-heading\"><strong>Cutten Kitten\u00a0Dress<\/strong><\/h3>\n\n\n\n<p>Tailor-made dress with an extravagant cut made of white and gold imitation leather with hand-cut cat motifs (cut-out design).<\/p>\n\n\n\n\n\t\t<style type=\"text\/css\">\n\t\t\t#gallery-2 {\n\t\t\t\tmargin: auto;\n\t\t\t}\n\t\t\t#gallery-2 .gallery-item {\n\t\t\t\tfloat: left;\n\t\t\t\tmargin-top: 10px;\n\t\t\t\ttext-align: center;\n\t\t\t\twidth: 33%;\n\t\t\t}\n\t\t\t#gallery-2 img {\n\t\t\t\tborder: 2px solid #cfcfcf;\n\t\t\t}\n\t\t\t#gallery-2 .gallery-caption {\n\t\t\t\tmargin-left: 0;\n\t\t\t}\n\t\t\t\/* see gallery_shortcode() in wp-includes\/media.php *\/\n\t\t<\/style>\n\t\t<div id='gallery-2' class='gallery galleryid-1334 gallery-columns-3 gallery-size-thumbnail'><dl class='gallery-item'>\n\t\t\t<dt class='gallery-icon landscape'>\n\t\t\t\t<a href='https:\/\/sandra-peise.com\/en\/kostuem-design\/attachment\/folie201\/#main'><img loading=\"lazy\" decoding=\"async\" width=\"150\" height=\"150\" src=\"https:\/\/sandra-peise.com\/wp-content\/uploads\/2018\/01\/folie201-150x150.jpg\" class=\"attachment-thumbnail size-thumbnail\" alt=\"\" aria-describedby=\"gallery-2-592\" \/><\/a>\n\t\t\t<\/dt>\n\t\t\t\t<dd class='wp-caption-text gallery-caption' id='gallery-2-592'>\n\t\t\t\tMood Collage &amp; Design: Sandra Peise\n\t\t\t\t<\/dd><\/dl><dl class='gallery-item'>\n\t\t\t<dt class='gallery-icon portrait'>\n\t\t\t\t<a href='https:\/\/sandra-peise.com\/en\/kostuem-design\/attachment\/img_5222\/#main'><img loading=\"lazy\" decoding=\"async\" width=\"150\" height=\"150\" src=\"https:\/\/sandra-peise.com\/wp-content\/uploads\/2018\/01\/img_5222-150x150.jpg\" class=\"attachment-thumbnail size-thumbnail\" alt=\"\" aria-describedby=\"gallery-2-594\" \/><\/a>\n\t\t\t<\/dt>\n\t\t\t\t<dd class='wp-caption-text gallery-caption' id='gallery-2-594'>\n\t\t\t\tFoto: Fotostyle- Berlin (www.fotostyle-berlin.de), Styling: Sandra Peise, Model: Mya Doublecat\n\t\t\t\t<\/dd><\/dl><dl class='gallery-item'>\n\t\t\t<dt class='gallery-icon portrait'>\n\t\t\t\t<a href='https:\/\/sandra-peise.com\/en\/kostuem-design\/attachment\/565863_496351003719750_1126227014_n\/#main'><img loading=\"lazy\" decoding=\"async\" width=\"150\" height=\"150\" src=\"https:\/\/sandra-peise.com\/wp-content\/uploads\/2018\/01\/565863_496351003719750_1126227014_n-150x150.jpg\" class=\"attachment-thumbnail size-thumbnail\" alt=\"\" aria-describedby=\"gallery-2-589\" \/><\/a>\n\t\t\t<\/dt>\n\t\t\t\t<dd class='wp-caption-text gallery-caption' id='gallery-2-589'>\n\t\t\t\tFoto: Fotostyle- Berlin (www.fotostyle-berlin.de), Styling: Sandra Peise, Model: Mya Doublecat\n\t\t\t\t<\/dd><\/dl><br style=\"clear: both\" \/><dl class='gallery-item'>\n\t\t\t<dt class='gallery-icon landscape'>\n\t\t\t\t<a href='https:\/\/sandra-peise.com\/en\/kostuem-design\/attachment\/img_3129_bbb\/#main'><img loading=\"lazy\" decoding=\"async\" width=\"150\" height=\"150\" src=\"https:\/\/sandra-peise.com\/wp-content\/uploads\/2018\/01\/img_3129_bbb-150x150.jpg\" class=\"attachment-thumbnail size-thumbnail\" alt=\"\" aria-describedby=\"gallery-2-593\" \/><\/a>\n\t\t\t<\/dt>\n\t\t\t\t<dd class='wp-caption-text gallery-caption' id='gallery-2-593'>\n\t\t\t\tModel: Mya Doublecat; Fotograf: Julian Gro\u00df (http:\/\/www.julian-gross.de\/)\n\t\t\t\t<\/dd><\/dl>\n\t\t\t<br style='clear: both' \/>\n\t\t<\/div>\n\n\n\n\n<h3 class=\"entry-header wp-block-heading\"><strong><br>Hey DJ Play My&nbsp;Song<\/strong><\/h3>\n\n\n\n<p>Tailor-made dress made of color printed stretch satin and rhinestones for decoration.<\/p>\n\n\n\n\n\t\t<style type=\"text\/css\">\n\t\t\t#gallery-3 {\n\t\t\t\tmargin: auto;\n\t\t\t}\n\t\t\t#gallery-3 .gallery-item {\n\t\t\t\tfloat: left;\n\t\t\t\tmargin-top: 10px;\n\t\t\t\ttext-align: center;\n\t\t\t\twidth: 33%;\n\t\t\t}\n\t\t\t#gallery-3 img {\n\t\t\t\tborder: 2px solid #cfcfcf;\n\t\t\t}\n\t\t\t#gallery-3 .gallery-caption {\n\t\t\t\tmargin-left: 0;\n\t\t\t}\n\t\t\t\/* see gallery_shortcode() in wp-includes\/media.php *\/\n\t\t<\/style>\n\t\t<div id='gallery-3' class='gallery galleryid-1334 gallery-columns-3 gallery-size-thumbnail'><dl class='gallery-item'>\n\t\t\t<dt class='gallery-icon landscape'>\n\t\t\t\t<a href='https:\/\/sandra-peise.com\/en\/kostuem-design\/attachment\/folie131\/#main'><img loading=\"lazy\" decoding=\"async\" width=\"150\" height=\"150\" src=\"https:\/\/sandra-peise.com\/wp-content\/uploads\/2018\/01\/folie131-150x150.jpg\" class=\"attachment-thumbnail size-thumbnail\" alt=\"\" \/><\/a>\n\t\t\t<\/dt><\/dl><dl class='gallery-item'>\n\t\t\t<dt class='gallery-icon portrait'>\n\t\t\t\t<a href='https:\/\/sandra-peise.com\/en\/kostuem-design\/attachment\/img_3461\/#main'><img loading=\"lazy\" decoding=\"async\" width=\"150\" height=\"150\" src=\"https:\/\/sandra-peise.com\/wp-content\/uploads\/2018\/01\/img_3461-150x150.jpg\" class=\"attachment-thumbnail size-thumbnail\" alt=\"\" \/><\/a>\n\t\t\t<\/dt><\/dl><dl class='gallery-item'>\n\t\t\t<dt class='gallery-icon portrait'>\n\t\t\t\t<a href='https:\/\/sandra-peise.com\/en\/kostuem-design\/attachment\/sony-dsc-8\/#main'><img loading=\"lazy\" decoding=\"async\" width=\"150\" height=\"150\" src=\"https:\/\/sandra-peise.com\/wp-content\/uploads\/2018\/01\/dsc01745_b-150x150.jpg\" class=\"attachment-thumbnail size-thumbnail\" alt=\"\" aria-describedby=\"gallery-3-596\" \/><\/a>\n\t\t\t<\/dt>\n\t\t\t\t<dd class='wp-caption-text gallery-caption' id='gallery-3-596'>\n\t\t\t\tSONY DSC\n\t\t\t\t<\/dd><\/dl><br style=\"clear: both\" \/><dl class='gallery-item'>\n\t\t\t<dt class='gallery-icon landscape'>\n\t\t\t\t<a href='https:\/\/sandra-peise.com\/en\/kostuem-design\/attachment\/img_3385-b\/#main'><img loading=\"lazy\" decoding=\"async\" width=\"150\" height=\"150\" src=\"https:\/\/sandra-peise.com\/wp-content\/uploads\/2018\/01\/img_3385-b-150x150.jpg\" class=\"attachment-thumbnail size-thumbnail\" alt=\"\" \/><\/a>\n\t\t\t<\/dt><\/dl><dl class='gallery-item'>\n\t\t\t<dt class='gallery-icon landscape'>\n\t\t\t\t<a href='https:\/\/sandra-peise.com\/en\/kostuem-design\/attachment\/sony-dsc-7\/#main'><img loading=\"lazy\" decoding=\"async\" width=\"150\" height=\"150\" src=\"https:\/\/sandra-peise.com\/wp-content\/uploads\/2018\/01\/dsc01538_bb1-150x150.jpg\" class=\"attachment-thumbnail size-thumbnail\" alt=\"\" aria-describedby=\"gallery-3-595\" \/><\/a>\n\t\t\t<\/dt>\n\t\t\t\t<dd class='wp-caption-text gallery-caption' id='gallery-3-595'>\n\t\t\t\tSONY DSC\n\t\t\t\t<\/dd><\/dl>\n\t\t\t<br style='clear: both' \/>\n\t\t<\/div>","protected":false},"excerpt":{"rendered":"<p>Catwalk Into&nbsp;Space Ma\u00dfgeschneiderte Korsage mit Verzierungen aus dekorativen Borten und B\u00e4ndern, Pailletten, Nieten, Rei\u00dfverschl\u00fcssen in Orange-und Anthrazitt\u00f6nen. Cutten Kitten\u00a0Dress Ma\u00dfgeschneidertes Kleid mit extravagantem Schnitt aus wei\u00dfem und goldenem Lederimitat mit von Hand ausgeschnittenen Katzenmotiven (Cut-Out-Design). Hey DJ Play My&nbsp;Song Ma\u00dfgeschneidertes Kleid aus farbig bedrucktem Stretch-Satin und Strasssteinen zur Verzierung.<\/p>","protected":false},"author":2,"featured_media":0,"parent":0,"menu_order":0,"comment_status":"closed","ping_status":"closed","template":"","meta":{"footnotes":""},"_links":{"self":[{"href":"https:\/\/sandra-peise.com\/en\/wp-json\/wp\/v2\/pages\/1334"}],"collection":[{"href":"https:\/\/sandra-peise.com\/en\/wp-json\/wp\/v2\/pages"}],"about":[{"href":"https:\/\/sandra-peise.com\/en\/wp-json\/wp\/v2\/types\/page"}],"author":[{"embeddable":true,"href":"https:\/\/sandra-peise.com\/en\/wp-json\/wp\/v2\/users\/2"}],"replies":[{"embeddable":true,"href":"https:\/\/sandra-peise.com\/en\/wp-json\/wp\/v2\/comments?post=1334"}],"version-history":[{"count":10,"href":"https:\/\/sandra-peise.com\/en\/wp-json\/wp\/v2\/pages\/1334\/revisions"}],"predecessor-version":[{"id":1369,"href":"https:\/\/sandra-peise.com\/en\/wp-json\/wp\/v2\/pages\/1334\/revisions\/1369"}],"wp:attachment":[{"href":"https:\/\/sandra-peise.com\/en\/wp-json\/wp\/v2\/media?parent=1334"}],"curies":[{"name":"wp","href":"https:\/\/api.w.org\/{rel}","templated":true}]}}