{"id":1274,"date":"2021-04-19T19:43:04","date_gmt":"2021-04-19T19:43:04","guid":{"rendered":"http:\/\/sandra-peise.de\/?page_id=1274"},"modified":"2021-04-20T09:18:18","modified_gmt":"2021-04-20T09:18:18","slug":"wemmicks-2021","status":"publish","type":"page","link":"https:\/\/sandra-peise.com\/en\/kostuem-design\/wemmicks-2021\/","title":{"rendered":"Wemmicks 2021"},"content":{"rendered":"<p>The new costume designs for WEMMICKS 2021. <a rel=\"noreferrer noopener\" href=\"http:\/\/wemmicks-musical.com\/\" target=\"_blank\">http:\/\/wemmicks-musical.com\/<\/a><\/p>\n\n\n\n<figure class=\"wp-block-image size-large\"><img loading=\"lazy\" decoding=\"async\" width=\"1024\" height=\"768\" src=\"http:\/\/sandra-peise.de\/wp-content\/uploads\/2021\/04\/121079580_2664994007089216_5143585808295093475_n-1024x768.jpg\" alt=\"\" class=\"wp-image-1331\" srcset=\"https:\/\/sandra-peise.com\/wp-content\/uploads\/2021\/04\/121079580_2664994007089216_5143585808295093475_n-1024x768.jpg 1024w, https:\/\/sandra-peise.com\/wp-content\/uploads\/2021\/04\/121079580_2664994007089216_5143585808295093475_n-300x225.jpg 300w, https:\/\/sandra-peise.com\/wp-content\/uploads\/2021\/04\/121079580_2664994007089216_5143585808295093475_n-768x576.jpg 768w, https:\/\/sandra-peise.com\/wp-content\/uploads\/2021\/04\/121079580_2664994007089216_5143585808295093475_n-1536x1152.jpg 1536w, https:\/\/sandra-peise.com\/wp-content\/uploads\/2021\/04\/121079580_2664994007089216_5143585808295093475_n.jpg 2000w\" sizes=\"(max-width: 1024px) 100vw, 1024px\" \/><\/figure>\n\n\n\n<figure class=\"wp-block-embed is-type-rich is-provider-handler-einbetten wp-block-embed-handler-einbetten wp-embed-aspect-16-9 wp-has-aspect-ratio\"><div class=\"wp-block-embed__wrapper\">\n<iframe loading=\"lazy\" title=\"Sandra Peise - Neue Kost\u00fcmdesigns f\u00fcr &quot;Wemmicks - Das H\u00f6rspiel zum Musical&quot;\" width=\"640\" height=\"360\" src=\"https:\/\/www.youtube.com\/embed\/rasT329siHo?feature=oembed\" frameborder=\"0\" allow=\"accelerometer; autoplay; clipboard-write; encrypted-media; gyroscope; picture-in-picture; web-share\" referrerpolicy=\"strict-origin-when-cross-origin\" allowfullscreen><\/iframe>\n<\/div><\/figure>\n\n\n\n<figure class=\"wp-block-gallery columns-1 is-cropped wp-block-gallery-1 is-layout-flex wp-block-gallery-is-layout-flex\"><ul class=\"blocks-gallery-grid\"><li class=\"blocks-gallery-item\"><figure><img loading=\"lazy\" decoding=\"async\" width=\"1500\" height=\"947\" src=\"http:\/\/sandra-peise.de\/wp-content\/uploads\/2020\/11\/willi_cesario_luigi_puchinello_lucia_s.jpg\" alt=\"\" data-id=\"773\" class=\"wp-image-773\" srcset=\"https:\/\/sandra-peise.com\/wp-content\/uploads\/2020\/11\/willi_cesario_luigi_puchinello_lucia_s.jpg 1500w, https:\/\/sandra-peise.com\/wp-content\/uploads\/2020\/11\/willi_cesario_luigi_puchinello_lucia_s-300x189.jpg 300w, https:\/\/sandra-peise.com\/wp-content\/uploads\/2020\/11\/willi_cesario_luigi_puchinello_lucia_s-1024x646.jpg 1024w, https:\/\/sandra-peise.com\/wp-content\/uploads\/2020\/11\/willi_cesario_luigi_puchinello_lucia_s-768x485.jpg 768w\" sizes=\"(max-width: 1500px) 100vw, 1500px\" \/><\/figure><\/li><\/ul><\/figure>","protected":false},"excerpt":{"rendered":"<p>Die neuen Kost\u00fcmdesigns f\u00fcr WEMMICKS 2021. http:\/\/wemmicks-musical.com\/<\/p>","protected":false},"author":2,"featured_media":0,"parent":379,"menu_order":0,"comment_status":"closed","ping_status":"closed","template":"","meta":{"footnotes":""},"_links":{"self":[{"href":"https:\/\/sandra-peise.com\/en\/wp-json\/wp\/v2\/pages\/1274"}],"collection":[{"href":"https:\/\/sandra-peise.com\/en\/wp-json\/wp\/v2\/pages"}],"about":[{"href":"https:\/\/sandra-peise.com\/en\/wp-json\/wp\/v2\/types\/page"}],"author":[{"embeddable":true,"href":"https:\/\/sandra-peise.com\/en\/wp-json\/wp\/v2\/users\/2"}],"replies":[{"embeddable":true,"href":"https:\/\/sandra-peise.com\/en\/wp-json\/wp\/v2\/comments?post=1274"}],"version-history":[{"count":5,"href":"https:\/\/sandra-peise.com\/en\/wp-json\/wp\/v2\/pages\/1274\/revisions"}],"predecessor-version":[{"id":1351,"href":"https:\/\/sandra-peise.com\/en\/wp-json\/wp\/v2\/pages\/1274\/revisions\/1351"}],"up":[{"embeddable":true,"href":"https:\/\/sandra-peise.com\/en\/wp-json\/wp\/v2\/pages\/379"}],"wp:attachment":[{"href":"https:\/\/sandra-peise.com\/en\/wp-json\/wp\/v2\/media?parent=1274"}],"curies":[{"name":"wp","href":"https:\/\/api.w.org\/{rel}","templated":true}]}}