{"id":1150,"date":"2021-04-19T12:08:12","date_gmt":"2021-04-19T10:08:12","guid":{"rendered":"https:\/\/sandrapeise.wordpress.com\/?page_id=1150"},"modified":"2021-04-19T12:08:12","modified_gmt":"2021-04-19T10:08:12","slug":"traumfigur","status":"publish","type":"page","link":"https:\/\/sandra-peise.com\/en\/traumfigur\/","title":{"rendered":"Perfect body"},"content":{"rendered":"<figure class=\"wp-block-embed is-type-rich is-provider-einbetten wp-block-embed-einbetten\"><div class=\"wp-block-embed__wrapper\">\nhttps:\/\/player.vimeo.com\/video\/58961921\n<\/div><\/figure>\n\n\n\n<p><strong>Perfect Body<\/strong><br><\/p>\n\n\n\n<p>My first animated short from 2012 about a hungry model who dreams of muffins while she is being dressed up for a fashion show. The idea came to me while studying fashion design.<br><\/p>\n\n\n\n<p>Direction, story, concept design, animation, compositing: Sandra Peise<br>Musik: Seu Jorge and Almaz &#8222;The Model&#8220;, Leroy Anderson &#8222;Plink Plank Plunk&#8220;, Katzenjammer &#8222;Cherry Pie&#8220;<\/p>\n\n\n\n<p><\/p>","protected":false},"excerpt":{"rendered":"<p>&#8222;traumFIGUR&#8220; (&#8222;perfect body&#8220;) Mein erster animierter Kurzfilm aus 2012 \u00fcber ein hungriges Model, das von Muffins tr\u00e4umt, w\u00e4hrend sie f\u00fcr eine Modenshow zurecht gemacht wird. Die Idee kam w\u00e4hrend meines Modedesignstudiums. Regie, Story, Concept design, Animation, Compositing: Sandra PeiseMusik: Seu Jorge and Almaz &#8222;The Model&#8220;, Leroy Anderson &#8222;Plink Plank Plunk&#8220;, Katzenjammer &#8222;Cherry Pie&#8220;<\/p>","protected":false},"author":2,"featured_media":0,"parent":0,"menu_order":0,"comment_status":"closed","ping_status":"closed","template":"","meta":{"footnotes":""},"_links":{"self":[{"href":"https:\/\/sandra-peise.com\/en\/wp-json\/wp\/v2\/pages\/1150"}],"collection":[{"href":"https:\/\/sandra-peise.com\/en\/wp-json\/wp\/v2\/pages"}],"about":[{"href":"https:\/\/sandra-peise.com\/en\/wp-json\/wp\/v2\/types\/page"}],"author":[{"embeddable":true,"href":"https:\/\/sandra-peise.com\/en\/wp-json\/wp\/v2\/users\/2"}],"replies":[{"embeddable":true,"href":"https:\/\/sandra-peise.com\/en\/wp-json\/wp\/v2\/comments?post=1150"}],"version-history":[{"count":0,"href":"https:\/\/sandra-peise.com\/en\/wp-json\/wp\/v2\/pages\/1150\/revisions"}],"wp:attachment":[{"href":"https:\/\/sandra-peise.com\/en\/wp-json\/wp\/v2\/media?parent=1150"}],"curies":[{"name":"wp","href":"https:\/\/api.w.org\/{rel}","templated":true}]}}