{"id":1086,"date":"2021-04-19T11:00:02","date_gmt":"2021-04-19T09:00:02","guid":{"rendered":"https:\/\/sandrapeise.wordpress.com\/?page_id=1086"},"modified":"2021-04-19T11:00:02","modified_gmt":"2021-04-19T09:00:02","slug":"oben-bei-den-sternen","status":"publish","type":"page","link":"https:\/\/sandra-peise.com\/en\/oben-bei-den-sternen\/","title":{"rendered":"Up by the stars"},"content":{"rendered":"<figure class=\"wp-block-embed is-type-rich is-provider-youtube wp-block-embed-youtube wp-embed-aspect-16-9 wp-has-aspect-ratio\"><div class=\"wp-block-embed__wrapper\">\n<iframe loading=\"lazy\" title=\"Anna-Marlene | Oben bei den Sternen (Offizielles Video)\" width=\"640\" height=\"360\" src=\"https:\/\/www.youtube.com\/embed\/CdMzyHPbGdI?feature=oembed\" frameborder=\"0\" allow=\"accelerometer; autoplay; clipboard-write; encrypted-media; gyroscope; picture-in-picture; web-share\" referrerpolicy=\"strict-origin-when-cross-origin\" allowfullscreen><\/iframe>\n<\/div><\/figure>\n\n\n\n<p><strong>Up by the stars <\/strong>| Anna Marlene<br><\/p>\n\n\n\n<p>The 2D animated music video \u201cUp by the stars\u201d was created in 2016 in collaboration with singer Anna Marlene and animator Monira Kamal. I was responsible for style and character design on this project and animated the animal characters. It was a very exciting and beautiful joint project during my student days. <\/p>\n\n\n\n<p>Direction &amp; story: Monira Kamal<br>Music: Anna Marlene<br>Character design: Sandra Peise &amp; Monira Kamal<br>Animation: Sandra Peise &amp; Monira Kamal<br>Preproduction &amp; postproduction: Monira Kamal<\/p>\n\n\n\n<div class=\"wp-block-jetpack-tiled-gallery aligncenter is-style-rectangular\"><div class=\"tiled-gallery__gallery\"><div class=\"tiled-gallery__row\"><div class=\"tiled-gallery__col\" style=\"flex-basis:100%;\"><figure class=\"tiled-gallery__item\"><img decoding=\"async\" alt=\"\" data-height=\"563\" data-id=\"1087\" data-link=\"https:\/\/sandrapeise.wordpress.com\/charactersheet_obenbeidensternen_sp-2\/\" data-url=\"http:\/\/sandra-peise.de\/wp-content\/uploads\/2021\/04\/charactersheet_obenbeidensternen_sp.jpg\" data-width=\"1000\" src=\"http:\/\/sandra-peise.de\/wp-content\/uploads\/2021\/04\/charactersheet_obenbeidensternen_sp.jpg\" data-amp-layout=\"responsive\" \/><\/figure><\/div><\/div><\/div><\/div>","protected":false},"excerpt":{"rendered":"<p>Oben bei den Sternen | Anna Marlene Das 2D-animierte Musikvideo &#8222;Oben bei den Sternen&#8220; entstand 2016 in Zusammenarbeit mit S\u00e4ngerin Anna Marlene und Animatorin Monira Kamal. Ich war bei diesem Projekt f\u00fcr Stilfindung und Character Design zust\u00e4ndig und habe die Tiercharaktere animiert. Es war ein sehr spannendes und sch\u00f6nes Gemeinschaftsprojekt w\u00e4hrend meiner Studienzeit. Regie &amp; [&hellip;]<\/p>\n","protected":false},"author":2,"featured_media":0,"parent":0,"menu_order":0,"comment_status":"closed","ping_status":"closed","template":"","meta":{"footnotes":""},"_links":{"self":[{"href":"https:\/\/sandra-peise.com\/en\/wp-json\/wp\/v2\/pages\/1086"}],"collection":[{"href":"https:\/\/sandra-peise.com\/en\/wp-json\/wp\/v2\/pages"}],"about":[{"href":"https:\/\/sandra-peise.com\/en\/wp-json\/wp\/v2\/types\/page"}],"author":[{"embeddable":true,"href":"https:\/\/sandra-peise.com\/en\/wp-json\/wp\/v2\/users\/2"}],"replies":[{"embeddable":true,"href":"https:\/\/sandra-peise.com\/en\/wp-json\/wp\/v2\/comments?post=1086"}],"version-history":[{"count":0,"href":"https:\/\/sandra-peise.com\/en\/wp-json\/wp\/v2\/pages\/1086\/revisions"}],"wp:attachment":[{"href":"https:\/\/sandra-peise.com\/en\/wp-json\/wp\/v2\/media?parent=1086"}],"curies":[{"name":"wp","href":"https:\/\/api.w.org\/{rel}","templated":true}]}}