{"id":1069,"date":"2021-04-19T10:56:46","date_gmt":"2021-04-19T08:56:46","guid":{"rendered":"https:\/\/sandrapeise.wordpress.com\/?page_id=1069"},"modified":"2021-04-19T15:09:59","modified_gmt":"2021-04-19T15:09:59","slug":"geburtstagslied","status":"publish","type":"page","link":"https:\/\/sandra-peise.com\/en\/geburtstagslied\/","title":{"rendered":"Birthday song"},"content":{"rendered":"<figure class=\"wp-block-embed is-type-rich is-provider-handler-einbetten wp-block-embed-handler-einbetten wp-embed-aspect-16-9 wp-has-aspect-ratio\"><div class=\"wp-block-embed__wrapper\">\n<iframe loading=\"lazy\" title=\"Geburtstagslied f\u00fcr &quot;Erwachsene&quot; - Andr\u00e9 K\u00e4pper\" width=\"640\" height=\"360\" src=\"https:\/\/www.youtube.com\/embed\/_RoozYgVlSA?feature=oembed\" frameborder=\"0\" allow=\"accelerometer; autoplay; clipboard-write; encrypted-media; gyroscope; picture-in-picture; web-share\" referrerpolicy=\"strict-origin-when-cross-origin\" allowfullscreen><\/iframe>\n<\/div><\/figure>\n\n\n\n<p><strong>Birthday song <\/strong>| Andr\u00e9 K\u00e4pper<\/p>\n\n\n\n<p>In 2019 the animated music video for the \u201cBirthday Song\u201d by Andr\u00e9 K\u00e4pper from his album \u201cHumanBeing\u201d was created. That was my first big project after the birth of my son Samuel and it was a lot of fun. I drew the figures in pencil and colored them on the computer. I painted the backgrounds with watercolor. I am very grateful for the great cooperation with Andr\u00e9 and the trust that he has placed in me, because life is not always easy as a young mom.<\/p>\n\n\n\n<p>Direction &amp; idea: Sandra Peise<br>Music: Andr\u00e9 K\u00e4pper<br>Storyboard, concept design, animation, compositing: Sandra Peise<\/p>\n\n\n\n<figure class=\"wp-block-gallery columns-2 is-cropped wp-block-gallery-1 is-layout-flex wp-block-gallery-is-layout-flex\"><ul class=\"blocks-gallery-grid\"><li class=\"blocks-gallery-item\"><figure><img loading=\"lazy\" decoding=\"async\" width=\"1024\" height=\"1024\" src=\"http:\/\/sandra-peise.de\/wp-content\/uploads\/2021\/04\/149100387_3759044670853463_338881849074147432_n-1024x1024.jpg\" alt=\"\" data-id=\"1079\" data-full-url=\"http:\/\/sandra-peise.de\/wp-content\/uploads\/2021\/04\/149100387_3759044670853463_338881849074147432_n.jpg\" data-link=\"http:\/\/sandra-peise.de\/149100387_3759044670853463_338881849074147432_n\/\" class=\"wp-image-1079\" srcset=\"https:\/\/sandra-peise.com\/wp-content\/uploads\/2021\/04\/149100387_3759044670853463_338881849074147432_n-1024x1024.jpg 1024w, https:\/\/sandra-peise.com\/wp-content\/uploads\/2021\/04\/149100387_3759044670853463_338881849074147432_n-300x300.jpg 300w, https:\/\/sandra-peise.com\/wp-content\/uploads\/2021\/04\/149100387_3759044670853463_338881849074147432_n-150x150.jpg 150w, https:\/\/sandra-peise.com\/wp-content\/uploads\/2021\/04\/149100387_3759044670853463_338881849074147432_n-768x768.jpg 768w, https:\/\/sandra-peise.com\/wp-content\/uploads\/2021\/04\/149100387_3759044670853463_338881849074147432_n.jpg 1440w\" sizes=\"(max-width: 1024px) 100vw, 1024px\" \/><\/figure><\/li><li class=\"blocks-gallery-item\"><figure><img loading=\"lazy\" decoding=\"async\" width=\"1024\" height=\"1024\" src=\"http:\/\/sandra-peise.de\/wp-content\/uploads\/2021\/04\/149145451_3759044680853462_8298605758374976749_n-1024x1024.jpg\" alt=\"\" data-id=\"1078\" data-full-url=\"http:\/\/sandra-peise.de\/wp-content\/uploads\/2021\/04\/149145451_3759044680853462_8298605758374976749_n.jpg\" data-link=\"http:\/\/sandra-peise.de\/149145451_3759044680853462_8298605758374976749_n\/\" class=\"wp-image-1078\" srcset=\"https:\/\/sandra-peise.com\/wp-content\/uploads\/2021\/04\/149145451_3759044680853462_8298605758374976749_n-1024x1024.jpg 1024w, https:\/\/sandra-peise.com\/wp-content\/uploads\/2021\/04\/149145451_3759044680853462_8298605758374976749_n-300x300.jpg 300w, https:\/\/sandra-peise.com\/wp-content\/uploads\/2021\/04\/149145451_3759044680853462_8298605758374976749_n-150x150.jpg 150w, https:\/\/sandra-peise.com\/wp-content\/uploads\/2021\/04\/149145451_3759044680853462_8298605758374976749_n-768x768.jpg 768w, https:\/\/sandra-peise.com\/wp-content\/uploads\/2021\/04\/149145451_3759044680853462_8298605758374976749_n.jpg 1440w\" sizes=\"(max-width: 1024px) 100vw, 1024px\" \/><\/figure><\/li><li class=\"blocks-gallery-item\"><figure><img loading=\"lazy\" decoding=\"async\" width=\"1024\" height=\"1024\" src=\"http:\/\/sandra-peise.de\/wp-content\/uploads\/2021\/04\/148610016_3759044667520130_5718214733055219891_n-1024x1024.jpg\" alt=\"\" data-id=\"1077\" data-full-url=\"http:\/\/sandra-peise.de\/wp-content\/uploads\/2021\/04\/148610016_3759044667520130_5718214733055219891_n.jpg\" data-link=\"http:\/\/sandra-peise.de\/148610016_3759044667520130_5718214733055219891_n\/\" class=\"wp-image-1077\" srcset=\"https:\/\/sandra-peise.com\/wp-content\/uploads\/2021\/04\/148610016_3759044667520130_5718214733055219891_n-1024x1024.jpg 1024w, https:\/\/sandra-peise.com\/wp-content\/uploads\/2021\/04\/148610016_3759044667520130_5718214733055219891_n-300x300.jpg 300w, https:\/\/sandra-peise.com\/wp-content\/uploads\/2021\/04\/148610016_3759044667520130_5718214733055219891_n-150x150.jpg 150w, https:\/\/sandra-peise.com\/wp-content\/uploads\/2021\/04\/148610016_3759044667520130_5718214733055219891_n-768x768.jpg 768w, https:\/\/sandra-peise.com\/wp-content\/uploads\/2021\/04\/148610016_3759044667520130_5718214733055219891_n.jpg 1440w\" sizes=\"(max-width: 1024px) 100vw, 1024px\" \/><\/figure><\/li><li class=\"blocks-gallery-item\"><figure><img loading=\"lazy\" decoding=\"async\" width=\"1024\" height=\"1024\" src=\"http:\/\/sandra-peise.de\/wp-content\/uploads\/2021\/04\/148856587_3759044664186797_4453630109677394801_n-1024x1024.jpg\" alt=\"\" data-id=\"1076\" data-full-url=\"http:\/\/sandra-peise.de\/wp-content\/uploads\/2021\/04\/148856587_3759044664186797_4453630109677394801_n.jpg\" data-link=\"http:\/\/sandra-peise.de\/148856587_3759044664186797_4453630109677394801_n\/\" class=\"wp-image-1076\" srcset=\"https:\/\/sandra-peise.com\/wp-content\/uploads\/2021\/04\/148856587_3759044664186797_4453630109677394801_n-1024x1024.jpg 1024w, https:\/\/sandra-peise.com\/wp-content\/uploads\/2021\/04\/148856587_3759044664186797_4453630109677394801_n-300x300.jpg 300w, https:\/\/sandra-peise.com\/wp-content\/uploads\/2021\/04\/148856587_3759044664186797_4453630109677394801_n-150x150.jpg 150w, https:\/\/sandra-peise.com\/wp-content\/uploads\/2021\/04\/148856587_3759044664186797_4453630109677394801_n-768x768.jpg 768w, https:\/\/sandra-peise.com\/wp-content\/uploads\/2021\/04\/148856587_3759044664186797_4453630109677394801_n.jpg 1440w\" sizes=\"(max-width: 1024px) 100vw, 1024px\" \/><\/figure><\/li><li class=\"blocks-gallery-item\"><figure><img loading=\"lazy\" decoding=\"async\" width=\"1024\" height=\"1024\" src=\"http:\/\/sandra-peise.de\/wp-content\/uploads\/2021\/04\/148610121_3759044677520129_5118674439490012475_n-1024x1024.jpg\" alt=\"\" data-id=\"1075\" data-full-url=\"http:\/\/sandra-peise.de\/wp-content\/uploads\/2021\/04\/148610121_3759044677520129_5118674439490012475_n.jpg\" data-link=\"http:\/\/sandra-peise.de\/148610121_3759044677520129_5118674439490012475_n\/\" class=\"wp-image-1075\" srcset=\"https:\/\/sandra-peise.com\/wp-content\/uploads\/2021\/04\/148610121_3759044677520129_5118674439490012475_n-1024x1024.jpg 1024w, https:\/\/sandra-peise.com\/wp-content\/uploads\/2021\/04\/148610121_3759044677520129_5118674439490012475_n-300x300.jpg 300w, https:\/\/sandra-peise.com\/wp-content\/uploads\/2021\/04\/148610121_3759044677520129_5118674439490012475_n-150x150.jpg 150w, https:\/\/sandra-peise.com\/wp-content\/uploads\/2021\/04\/148610121_3759044677520129_5118674439490012475_n-768x768.jpg 768w, https:\/\/sandra-peise.com\/wp-content\/uploads\/2021\/04\/148610121_3759044677520129_5118674439490012475_n.jpg 1440w\" sizes=\"(max-width: 1024px) 100vw, 1024px\" \/><\/figure><\/li><li class=\"blocks-gallery-item\"><figure><img loading=\"lazy\" decoding=\"async\" width=\"1024\" height=\"1024\" src=\"http:\/\/sandra-peise.de\/wp-content\/uploads\/2021\/04\/149100382_3759044674186796_8007426374949482100_n-1024x1024.jpg\" alt=\"\" data-id=\"1074\" data-full-url=\"http:\/\/sandra-peise.de\/wp-content\/uploads\/2021\/04\/149100382_3759044674186796_8007426374949482100_n.jpg\" data-link=\"http:\/\/sandra-peise.de\/149100382_3759044674186796_8007426374949482100_n\/\" class=\"wp-image-1074\" srcset=\"https:\/\/sandra-peise.com\/wp-content\/uploads\/2021\/04\/149100382_3759044674186796_8007426374949482100_n-1024x1024.jpg 1024w, https:\/\/sandra-peise.com\/wp-content\/uploads\/2021\/04\/149100382_3759044674186796_8007426374949482100_n-300x300.jpg 300w, https:\/\/sandra-peise.com\/wp-content\/uploads\/2021\/04\/149100382_3759044674186796_8007426374949482100_n-150x150.jpg 150w, https:\/\/sandra-peise.com\/wp-content\/uploads\/2021\/04\/149100382_3759044674186796_8007426374949482100_n-768x768.jpg 768w, https:\/\/sandra-peise.com\/wp-content\/uploads\/2021\/04\/149100382_3759044674186796_8007426374949482100_n.jpg 1440w\" sizes=\"(max-width: 1024px) 100vw, 1024px\" \/><\/figure><\/li><li class=\"blocks-gallery-item\"><figure><img loading=\"lazy\" decoding=\"async\" width=\"1024\" height=\"1024\" src=\"http:\/\/sandra-peise.de\/wp-content\/uploads\/2021\/04\/149298772_3759044684186795_3525545020171622395_n-1024x1024.jpg\" alt=\"\" data-id=\"1073\" data-full-url=\"http:\/\/sandra-peise.de\/wp-content\/uploads\/2021\/04\/149298772_3759044684186795_3525545020171622395_n.jpg\" data-link=\"http:\/\/sandra-peise.de\/149298772_3759044684186795_3525545020171622395_n\/\" class=\"wp-image-1073\" srcset=\"https:\/\/sandra-peise.com\/wp-content\/uploads\/2021\/04\/149298772_3759044684186795_3525545020171622395_n-1024x1024.jpg 1024w, https:\/\/sandra-peise.com\/wp-content\/uploads\/2021\/04\/149298772_3759044684186795_3525545020171622395_n-300x300.jpg 300w, https:\/\/sandra-peise.com\/wp-content\/uploads\/2021\/04\/149298772_3759044684186795_3525545020171622395_n-150x150.jpg 150w, https:\/\/sandra-peise.com\/wp-content\/uploads\/2021\/04\/149298772_3759044684186795_3525545020171622395_n-768x768.jpg 768w, https:\/\/sandra-peise.com\/wp-content\/uploads\/2021\/04\/149298772_3759044684186795_3525545020171622395_n.jpg 1440w\" sizes=\"(max-width: 1024px) 100vw, 1024px\" \/><\/figure><\/li><\/ul><\/figure>","protected":false},"excerpt":{"rendered":"<p>Geburtstagslied | Andr\u00e9 K\u00e4pper 2019 entstand das animierte Musikvideo zum &#8222;Geburtstagslied&#8220; von Andr\u00e9 K\u00e4pper aus seinem Album &#8222;MenschSein&#8220;. Das war mein erstes gro\u00dfes Projekt nach der Geburt meines Sohnes Samuel und es hat sehr viel Spa\u00df gemacht. Die Figuren habe ich mit Bleistift gezeichnet und am Rechner koloriert. Die Hintergr\u00fcnde habe ich mit Aquarell gemalt. [&hellip;]<\/p>\n","protected":false},"author":2,"featured_media":0,"parent":0,"menu_order":0,"comment_status":"closed","ping_status":"closed","template":"","meta":{"footnotes":""},"_links":{"self":[{"href":"https:\/\/sandra-peise.com\/en\/wp-json\/wp\/v2\/pages\/1069"}],"collection":[{"href":"https:\/\/sandra-peise.com\/en\/wp-json\/wp\/v2\/pages"}],"about":[{"href":"https:\/\/sandra-peise.com\/en\/wp-json\/wp\/v2\/types\/page"}],"author":[{"embeddable":true,"href":"https:\/\/sandra-peise.com\/en\/wp-json\/wp\/v2\/users\/2"}],"replies":[{"embeddable":true,"href":"https:\/\/sandra-peise.com\/en\/wp-json\/wp\/v2\/comments?post=1069"}],"version-history":[{"count":2,"href":"https:\/\/sandra-peise.com\/en\/wp-json\/wp\/v2\/pages\/1069\/revisions"}],"predecessor-version":[{"id":1247,"href":"https:\/\/sandra-peise.com\/en\/wp-json\/wp\/v2\/pages\/1069\/revisions\/1247"}],"wp:attachment":[{"href":"https:\/\/sandra-peise.com\/en\/wp-json\/wp\/v2\/media?parent=1069"}],"curies":[{"name":"wp","href":"https:\/\/api.w.org\/{rel}","templated":true}]}}