{"id":1005,"date":"2021-04-19T09:59:29","date_gmt":"2021-04-19T07:59:29","guid":{"rendered":"https:\/\/sandrapeise.wordpress.com\/?page_id=1005"},"modified":"2021-04-19T15:08:36","modified_gmt":"2021-04-19T15:08:36","slug":"sei-ein-held-lass-nichts-liegen","status":"publish","type":"page","link":"https:\/\/sandra-peise.com\/en\/sei-ein-held-lass-nichts-liegen\/","title":{"rendered":"Be a hero! Don't leave anything behind!"},"content":{"rendered":"<figure class=\"wp-block-embed is-type-video is-provider-vimeo wp-block-embed-vimeo\"><div class=\"wp-block-embed__wrapper\">\nhttps:\/\/player.vimeo.com\/video\/176721654?byline=0&#038;portrait=0\n<\/div><figcaption><strong>Be a hero! Don't leave anything behind!<\/strong> &#8211; Trailer<\/figcaption><\/figure>\n\n\n\n<figure class=\"wp-block-embed is-type-video is-provider-vimeo wp-block-embed-vimeo\"><div class=\"wp-block-embed__wrapper\">\nhttps:\/\/player.vimeo.com\/video\/189052903?byline=0&#038;portrait=0\n<\/div><\/figure>\n\n\n\n<p><strong>Be a hero! Don't leave anything behind!<\/strong> - Behind the scenes (making of)<\/p>\n\n\n\n<p>In 2016 the animated film project \u201cBe a hero, leave nothing behind!\u201d was created under the project management of Anna Parisa Ehsani, in cooperation with the Lower Austrian environmental associations, on the subject of environmental pollution for schoolchildren. I was responsible for the character design and animation.<\/p>\n\n\n\n<p>Direction, story, print: Anna Ehsani <br>Animation &amp; character design: Sandra Peise<br>Clean-Up &amp; coloring: Monira Kamal<br>Backgrounds: Alenka Winkler <br><br>Website: http:\/\/umweltverbaende.at\/seieinheld\/<\/p>\n\n\n\n<figure class=\"wp-block-gallery columns-1 is-cropped wp-block-gallery-1 is-layout-flex wp-block-gallery-is-layout-flex\"><ul class=\"blocks-gallery-grid\"><li class=\"blocks-gallery-item\"><figure><img loading=\"lazy\" decoding=\"async\" width=\"1440\" height=\"1440\" src=\"http:\/\/sandra-peise.de\/wp-content\/uploads\/2021\/04\/143522221_3721757767915487_6808968642366911916_n.jpg\" alt=\"\" data-id=\"1008\" data-full-url=\"http:\/\/sandra-peise.de\/wp-content\/uploads\/2021\/04\/143522221_3721757767915487_6808968642366911916_n.jpg\" data-link=\"http:\/\/sandra-peise.de\/143522221_3721757767915487_6808968642366911916_n\/\" class=\"wp-image-1008\" srcset=\"https:\/\/sandra-peise.com\/wp-content\/uploads\/2021\/04\/143522221_3721757767915487_6808968642366911916_n.jpg 1440w, https:\/\/sandra-peise.com\/wp-content\/uploads\/2021\/04\/143522221_3721757767915487_6808968642366911916_n-300x300.jpg 300w, https:\/\/sandra-peise.com\/wp-content\/uploads\/2021\/04\/143522221_3721757767915487_6808968642366911916_n-1024x1024.jpg 1024w, https:\/\/sandra-peise.com\/wp-content\/uploads\/2021\/04\/143522221_3721757767915487_6808968642366911916_n-150x150.jpg 150w, https:\/\/sandra-peise.com\/wp-content\/uploads\/2021\/04\/143522221_3721757767915487_6808968642366911916_n-768x768.jpg 768w\" sizes=\"(max-width: 1440px) 100vw, 1440px\" \/><\/figure><\/li><li class=\"blocks-gallery-item\"><figure><img loading=\"lazy\" decoding=\"async\" width=\"1440\" height=\"1440\" src=\"http:\/\/sandra-peise.de\/wp-content\/uploads\/2021\/04\/142879891_3721757771248820_7782558814472995276_n-1.jpg\" alt=\"\" data-id=\"1016\" data-full-url=\"http:\/\/sandra-peise.de\/wp-content\/uploads\/2021\/04\/142879891_3721757771248820_7782558814472995276_n-1.jpg\" data-link=\"http:\/\/sandra-peise.de\/sei-ein-held-lass-nichts-liegen\/attachment\/142879891_3721757771248820_7782558814472995276_n-2\/#main\" class=\"wp-image-1016\" srcset=\"https:\/\/sandra-peise.com\/wp-content\/uploads\/2021\/04\/142879891_3721757771248820_7782558814472995276_n-1.jpg 1440w, https:\/\/sandra-peise.com\/wp-content\/uploads\/2021\/04\/142879891_3721757771248820_7782558814472995276_n-1-300x300.jpg 300w, https:\/\/sandra-peise.com\/wp-content\/uploads\/2021\/04\/142879891_3721757771248820_7782558814472995276_n-1-1024x1024.jpg 1024w, https:\/\/sandra-peise.com\/wp-content\/uploads\/2021\/04\/142879891_3721757771248820_7782558814472995276_n-1-150x150.jpg 150w, https:\/\/sandra-peise.com\/wp-content\/uploads\/2021\/04\/142879891_3721757771248820_7782558814472995276_n-1-768x768.jpg 768w\" sizes=\"(max-width: 1440px) 100vw, 1440px\" \/><\/figure><\/li><li class=\"blocks-gallery-item\"><figure><img loading=\"lazy\" decoding=\"async\" width=\"1440\" height=\"1440\" src=\"http:\/\/sandra-peise.de\/wp-content\/uploads\/2021\/04\/143603226_3721757774582153_3981638439257222675_n.jpg\" alt=\"\" data-id=\"1007\" data-full-url=\"http:\/\/sandra-peise.de\/wp-content\/uploads\/2021\/04\/143603226_3721757774582153_3981638439257222675_n.jpg\" data-link=\"http:\/\/sandra-peise.de\/143603226_3721757774582153_3981638439257222675_n\/\" class=\"wp-image-1007\" srcset=\"https:\/\/sandra-peise.com\/wp-content\/uploads\/2021\/04\/143603226_3721757774582153_3981638439257222675_n.jpg 1440w, https:\/\/sandra-peise.com\/wp-content\/uploads\/2021\/04\/143603226_3721757774582153_3981638439257222675_n-300x300.jpg 300w, https:\/\/sandra-peise.com\/wp-content\/uploads\/2021\/04\/143603226_3721757774582153_3981638439257222675_n-1024x1024.jpg 1024w, https:\/\/sandra-peise.com\/wp-content\/uploads\/2021\/04\/143603226_3721757774582153_3981638439257222675_n-150x150.jpg 150w, https:\/\/sandra-peise.com\/wp-content\/uploads\/2021\/04\/143603226_3721757774582153_3981638439257222675_n-768x768.jpg 768w\" sizes=\"(max-width: 1440px) 100vw, 1440px\" \/><\/figure><\/li><\/ul><\/figure>\n\n\n\n<p><\/p>","protected":false},"excerpt":{"rendered":"<p>Sei ein Held! Lass nichts liegen! &#8211; Hinter den Kulissen (Making Of) 2016 entstand unter der Projektleitung von Anna Parisa Ehsani, in Zusammenarbeit mit die N\u00d6 Umweltverb\u00e4nde das Trickfilmprojekt &#8222;Sei ein Held, lass nichts liegen!&#8220;, zum Thema Umweltverschmutzung f\u00fcr Sch\u00fclerInnen. Ich war f\u00fcr das Characterdesign und die Animation zust\u00e4ndig. Regie, Story, Print: Anna Ehsani Animation [&hellip;]<\/p>\n","protected":false},"author":2,"featured_media":0,"parent":0,"menu_order":0,"comment_status":"closed","ping_status":"closed","template":"","meta":{"footnotes":""},"_links":{"self":[{"href":"https:\/\/sandra-peise.com\/en\/wp-json\/wp\/v2\/pages\/1005"}],"collection":[{"href":"https:\/\/sandra-peise.com\/en\/wp-json\/wp\/v2\/pages"}],"about":[{"href":"https:\/\/sandra-peise.com\/en\/wp-json\/wp\/v2\/types\/page"}],"author":[{"embeddable":true,"href":"https:\/\/sandra-peise.com\/en\/wp-json\/wp\/v2\/users\/2"}],"replies":[{"embeddable":true,"href":"https:\/\/sandra-peise.com\/en\/wp-json\/wp\/v2\/comments?post=1005"}],"version-history":[{"count":2,"href":"https:\/\/sandra-peise.com\/en\/wp-json\/wp\/v2\/pages\/1005\/revisions"}],"predecessor-version":[{"id":1244,"href":"https:\/\/sandra-peise.com\/en\/wp-json\/wp\/v2\/pages\/1005\/revisions\/1244"}],"wp:attachment":[{"href":"https:\/\/sandra-peise.com\/en\/wp-json\/wp\/v2\/media?parent=1005"}],"curies":[{"name":"wp","href":"https:\/\/api.w.org\/{rel}","templated":true}]}}